{"id":1242,"date":"2025-03-24T08:51:21","date_gmt":"2025-03-24T01:51:21","guid":{"rendered":"https:\/\/nhadepbepxinh.com.vn\/?post_type=product&#038;p=1242"},"modified":"2025-03-24T09:08:39","modified_gmt":"2025-03-24T02:08:39","slug":"bep-tu-kaff-kf-fl6008ii-2","status":"publish","type":"product","link":"https:\/\/nhadepbepxinh.com.vn\/?product=bep-tu-kaff-kf-fl6008ii-2","title":{"rendered":"B\u1ebeP T\u1eea KAFF KF &#8211; FL6008II"},"content":{"rendered":"<p>B\u1ebfp t\u1eeb Kaff KF FL6008II\u00a0nh\u1eadp nguy\u00ean chi\u1ebfc Malaysia, thi\u1ebft k\u1ebf 2 v\u00f9ng n\u1ea5u t\u1eeb ri\u00eang bi\u1ec7t, ti\u1ec7n l\u1ee3i v\u00e0 an to\u00e0n. B\u1ebfp s\u1eed d\u1ee5ng m\u1eb7t k\u00ednh Euro Platinum, ch\u1ecbu l\u1ef1c v\u00e0 ch\u1ecbu nhi\u1ec7t t\u1ed1t ch\u1ecbu s\u1ed1c nhi\u1ec7t l\u00ean \u0111\u1ebfn 1000 \u0111\u1ed9 C bo vi\u1ec1n nh\u00f4m 4 c\u1ea1nh ch\u1ed1ng va \u0111\u1eadp b\u1ea3o v\u1ec7 k\u00ednh. Thi\u1ebft k\u1ebf hi\u1ec7n \u0111\u1ea1i c\u00f9ng r\u1ea5t nhi\u1ec1u nh\u1eefng t\u00ednh n\u0103ng v\u00f4 c\u00f9ng \u01b0u vi\u1ec7t \u0111\u00e3 khi\u1ebfn cho b\u1ebfp tr\u1edf th\u00e0nh m\u1ed9t s\u1ef1 l\u1ef1a ch\u1ecdn kh\u00f4ng th\u1ec3 tuy\u1ec7t v\u1eddi h\u01a1n cho gian b\u1ebfp c\u1ee7a m\u1ed7i gia \u0111\u00ecnh hi\u1ec7n \u0111\u1ea1i ng\u00e0y nay.<\/p>\n<p>&nbsp;<\/p>\n<p><img loading=\"lazy\" decoding=\"async\" src=\"https:\/\/static.bep247.vn\/KAFF\/kf-fl6008ii.jpg\" alt=\"\" width=\"721\" height=\"480\" \/><\/p>\n<p>&nbsp;<\/p>\n<p>B\u1ebfp t\u1eeb Kaff KF FL6008II g\u1ed3m 2 v\u00f9ng n\u1ea5u v\u1edbi t\u1ed5ng c\u00f4ng su\u1ea5t\u00a04000W<strong>.<\/strong>\u00a0V\u00f9ng n\u1ea5u t\u1eeb tr\u00e1i c\u00f3 c\u00f4ng su\u1ea5t l\u00e0\u00a02000W\u00a0khi k\u00edch ho\u1ea1t t\u00ednh n\u0103ng n\u1ea5u nhanh Booster c\u00f4ng su\u1ea5t l\u00ean t\u1edbi\u00a02800W<strong>.<\/strong>\u00a0V\u00f9ng n\u1ea5u t\u1eeb ph\u1ea3i c\u00f3 c\u00f4ng su\u1ea5t l\u00e0\u00a02000W\u00a0khi k\u00edch ho\u1ea1t t\u00ednh n\u0103ng n\u1ea5u nhanh Booster c\u00f4ng su\u1ea5t l\u00ean t\u1edbi\u00a02800W.<\/p>\n<p>Ch\u1ee9c n\u0103ng n\u1ea5u nhanh Booster<\/p>\n<p>Ch\u1ee9c n\u0103ng n\u00e0y cho ph\u00e9p ng\u01b0\u1eddi d\u00f9ng k\u00edch ho\u1ea1t c\u00f4ng su\u1ea5t max, r\u00fat ng\u1eafn th\u1eddi gian \u0111un n\u1ea5u. \u0110\u1eb7c bi\u1ec7t, b\u1ebfp c\u00f3 kh\u1ea3 n\u0103ng t\u1ef1 \u0111\u1ed9ng chia s\u1ebb c\u00f4ng su\u1ea5t gi\u1eefa hai b\u1ebfp, gi\u00fap b\u1ea3o v\u1ec7 m\u1ea1ch \u0111i\u1ec7n, tr\u00e1nh qu\u00e1 t\u1ea3i.<\/p>\n<p>\u0110\u1ea7u \u0111\u1ed1t E.G.O\u00a0\u00a0Made In Germany<\/p>\n<p>\u01afu \u0111i\u1ec3m c\u1ee7a m\u00e2m t\u1eeb n\u00e0y l\u00e0 ti\u1ebft ki\u1ec7m \u0111\u01b0\u1ee3c nhi\u1ec1u n\u0103ng l\u01b0\u1ee3ng, ho\u1ea1t \u0111\u1ed9ng hi\u1ec7u qu\u1ea3 v\u00e0 linh ho\u1ea1t h\u01a1n. B\u1ebfp s\u1eed d\u1ee5ng m\u00e2m t\u1eeb E.G.O c\u00f3 \u01b0u \u0111i\u1ec3m v\u01b0\u1ee3t tr\u1ed9i v\u1edbi kh\u1ea3 n\u0103ng sinh nhi\u1ec7t nhanh v\u00e0 \u0111\u1ec1u, gi\u00fap cho th\u1ee9c \u0103n ch\u00edn nhanh h\u01a1n v\u00e0 gi\u1eef tr\u1ecdn v\u1eb9n ch\u1ea5t dinh d\u01b0\u1ee1ng, r\u00fat ng\u1eafn t\u1ed1i \u0111a th\u1eddi gian \u0111un n\u1ea5u so v\u1edbi c\u00e1c d\u00f2ng b\u1ebfp t\u1eeb th\u00f4ng th\u01b0\u1eddng kh\u00e1c.<\/p>\n<p>B\u1ebfp \u0111\u01b0\u1ee3c trang b\u1ecb v\u1edbi c\u00f4ng ngh\u1ec7<strong>\u00a0<\/strong>Inverter<strong>\u00a0<\/strong>th\u00f4ng minh v\u01b0\u1ee3t tr\u1ed9i gi\u00fap l\u00e0m gi\u1ea3m l\u01b0\u1ee3ng ti\u00eau th\u1ee5 \u0111i\u1ec7n c\u1ee7a c\u00e1c s\u1ea3n ph\u1ea9m c\u00f3 s\u1eed d\u1ee5ng l\u00f5i t\u1eeb c\u1ee7a b\u1ebfp t\u1eeb. Ngo\u00e0i ra c\u00f4ng ngh\u1ec7\u00a0Inverter\u00a0c\u00f2n gi\u00fap b\u1ebfp t\u1eeb \u0111i\u1ec1u ch\u1ec9nh m\u1ee9c c\u00f4ng su\u1ea5t ph\u00f9 h\u1ee3p \u0111\u1ec3 kh\u00f4ng l\u00e0m ti\u00eau th\u1ee5 nhi\u1ec1u \u0111i\u1ec7n n\u0103ng.<\/p>\n<p>C\u00f4ng ngh\u1ec7 qu\u1ea1t t\u1ea3n nhi\u1ec7t Turbo si\u00eau \u00eam, ch\u1ed1ng \u1ed3n.<\/p>\n<p>C\u00f4ng ngh\u1ec7 ECO Green ti\u1ebft ki\u1ec7m \u0111i\u1ec7n, th\u00e2n thi\u1ec7n m\u00f4i tr\u01b0\u1eddng.<\/p>\n<p><strong>T\u00ednh n\u0103ng n\u1ed5i b\u1eadt c\u1ee7a b\u1ebfp t\u1eeb \u0111\u00f4i Kaff\u00a0KF FL6008II<\/strong><\/p>\n<p>10 d\u1ea3i c\u00f4ng su\u1ea5t<\/p>\n<p>\u0110i\u1ec1u khi\u1ec3n c\u1ea3m \u1ee9ng Slider d\u1ea1ng \u1ea9n tr\u1ef1c ti\u1ebfp tr\u00ean m\u1eb7t b\u1ebfp<\/p>\n<p>Ch\u1ee9c n\u0103ng Inverter ti\u1ebft ki\u1ec7m \u0111i\u1ec7n n\u0103ng, b\u1ea3o v\u1ec7 b\u1ebfp<\/p>\n<p>Ch\u1ee9c n\u0103ng n\u1ea5u c\u01a1m<\/p>\n<p>Ch\u01b0c n\u0103ng chi\u00ean x\u00e0o<\/p>\n<p>B\u1ebfp t\u00edch h\u1ee3p t\u00ednh n\u0103ng hi\u1ec7n \u0111\u1ea1i v\u00e0 an to\u00e0n nh\u1ea5t<\/p>\n<p>N\u1ebfu b\u1ea1n \u0111ang c\u1ea7n ki\u1ebfm t\u00ecm b\u1ebfp t\u1eeb an to\u00e0n v\u00e0 hi\u1ec7n \u0111\u1ea1i nh\u1ea5t th\u00ec b\u1ebfp t\u1eeb \u0111\u00f4i c\u1ea3m \u1ee9ng 2 l\u00f2 b\u1ebfp t\u1eeb \u0111\u00f4i Kaff KF FL6008II ch\u00ednh l\u00e0 s\u1ea3n ph\u1ea9m ph\u00f9 h\u1ee3p nhu c\u1ea7u c\u1ee7a b\u1ea1n khi s\u1edf h\u1eefu nh\u1eefng t\u00ednh n\u0103ng an to\u00e0n sau:<\/p>\n<p>Ch\u1ee9c n\u0103ng c\u1ea3m bi\u1ebfn ch\u1ed1ng tr\u00e0n: Ch\u1ee9c n\u0103ng n\u00e0y c\u1ee7a b\u1ebfp s\u1ebd s\u1ebd ho\u1ea1t \u0111\u1ed9ng v\u00e0 t\u1eaft b\u1ebfp ngay l\u1eadp t\u1ee9c khi ph\u00e1t hi\u1ec7n n\u01b0\u1edbc s\u00f4i tr\u00e0n ra m\u1eb7t \u0111i\u1ec1u khi\u1ec3n, qua \u0111\u00f3 b\u1ea3o v\u1ec7 \u0111\u01b0\u1ee3c b\u1ea3ng m\u1ea1ch \u0111i\u1ec1u khi\u1ec3n b\u1ebfp.<\/p>\n<p>Ch\u1ee9c n\u0103ng t\u1ea1m d\u1eebng: Trong qu\u00e1 tr\u00ecnh n\u1ea5u n\u01b0\u1edbng, n\u1ebfu b\u1ea1n c\u1ea7n ph\u1ea3i l\u00e0m m\u1ed9t c\u00f4ng vi\u1ec7c kh\u00e1c th\u00ec \u0111\u00e2y ch\u00ednh l\u00e0 ch\u1ee9c n\u0103ng v\u00f4 c\u00f9ng \u01b0u vi\u1ec7t. Ch\u1ec9 c\u1ea7n b\u1ea5m t\u1ea1m d\u1eebng \u0111\u1ec3 l\u00e0m vi\u1ec7c kh\u00e1c, sau \u0111\u00f3 b\u1ea5m ch\u1ecdn ch\u1ebf \u0111\u1ed9 n\u1ea5u ti\u1ebfp, qu\u00e1 tr\u00ecnh n\u1ea5u s\u1ebd \u0111\u01b0\u1ee3c ti\u1ebfp t\u1ee5c.<\/p>\n<p>Ch\u1ee9c n\u0103ng c\u1ea3nh b\u00e1o nhi\u1ec7t d\u01b0, c\u1ea3nh b\u00e1o khi qu\u00e1 nhi\u1ec7t qu\u00e1 \u00e1p: T\u00ednh n\u0103ng c\u1ea3nh b\u00e1o nhi\u1ec7t d\u01b0 tr\u00ean m\u1eb7t b\u1ebfp khi \u0111\u00e3 t\u1eaft b\u1ebfp. R\u1ea5t an to\u00e0n cho ng\u01b0\u1eddi s\u1eed d\u1ee5ng.<\/p>\n<p>C\u1ea3m \u1ee9ng qu\u00e1 nhi\u1ec7t, h\u1ec7 th\u1ed1ng b\u1ea3o v\u1ec7 an to\u00e0n qu\u00e1 nhi\u1ec7t, qu\u00e1 \u00e1p, c\u1ea3nh b\u00e1o nhi\u1ec7t d\u01b0 v\u00f9ng n\u1ea5u (Residual heat).<\/p>\n","protected":false},"excerpt":{"rendered":"<ul class=\"short_pro_desc\">\n<li>B\u1ebfp 2 t\u1eeb \u2013 Xu\u1ea5t x\u1ee9: Made in Malaysia<\/li>\n<li>Ba\u0309o ha\u0300nh 05 n\u0103m<\/li>\n<li>M\u1eb7t k\u00ednh EURO Platium si\u00eau b\u1ec1n, ch\u1ecbu s\u1ed1c nhi\u1ec7t l\u00ean \u0111\u1ebfn 1000\u00b0C, bo vi\u1ec1n nh\u00f4m 4 c\u1ea1nh ch\u1ed1ng va \u0111\u1eadp b\u1ea3o v\u1ec7 k\u00ednh<\/li>\n<li>\u0110\u1ea7u \u0111\u1ed1t EGO Green ti\u1ebft ki\u1ec7m \u0111i\u1ec7n th\u00e2n thi\u1ec7n m\u00f4i tr\u01b0\u1eddng<\/li>\n<li>10 d\u1ea3i c\u00f4ng su\u1ea5t<\/li>\n<li>\u0110i\u1ec1u khi\u1ec3n c\u1ea3m \u1ee9ng Slide d\u1ea1ng \u1ea9n tr\u1ef1c ti\u1ebfp tr\u00ean m\u1eb7t b\u1ebfp<\/li>\n<li>C\u00f4ng ngh\u1ec7 Inverter v\u00e0 chia s\u1ebd c\u00f4ng su\u1ea5t ti\u1ebft ki\u1ec7m \u0111i\u1ec7n n\u0103ng, b\u1ea3o v\u1ec7 b\u1ebfp<\/li>\n<li>Ch\u1ee9c n\u0103ng Booster n\u1ea5u c\u1ef1c nhanh<\/li>\n<li>Ch\u1ee9c n\u0103ng n\u1ea5u c\u01a1m<\/li>\n<li>Ch\u1ee9c n\u0103ng chi\u00ean x\u00e0o<\/li>\n<li>Ch\u1ee9c n\u0103ng t\u1ea1m d\u1eebng<\/li>\n<li>Ch\u1ee9c n\u0103ng ch\u1ed1ng tr\u00e0n<\/li>\n<li>Ch\u1ee9c n\u0103ng h\u1eb9n gi\u1edd, kh\u00f3a tr\u1ebb em th\u00f4ng minh ti\u1ec7n d\u1ee5ng<\/li>\n<li>C\u1ea3m \u1ee9ng qu\u00e1 nhi\u1ec7t<\/li>\n<\/ul>\n","protected":false},"featured_media":1243,"comment_status":"open","ping_status":"closed","template":"","meta":[],"product_brand":[],"product_cat":[15,33],"product_tag":[],"class_list":{"0":"post-1242","1":"product","2":"type-product","3":"status-publish","4":"has-post-thumbnail","6":"product_cat-bep-tu","7":"product_cat-hang-kaff","9":"first","10":"instock","11":"shipping-taxable","12":"product-type-simple"},"_links":{"self":[{"href":"https:\/\/nhadepbepxinh.com.vn\/index.php?rest_route=\/wp\/v2\/product\/1242","targetHints":{"allow":["GET"]}}],"collection":[{"href":"https:\/\/nhadepbepxinh.com.vn\/index.php?rest_route=\/wp\/v2\/product"}],"about":[{"href":"https:\/\/nhadepbepxinh.com.vn\/index.php?rest_route=\/wp\/v2\/types\/product"}],"replies":[{"embeddable":true,"href":"https:\/\/nhadepbepxinh.com.vn\/index.php?rest_route=%2Fwp%2Fv2%2Fcomments&post=1242"}],"wp:featuredmedia":[{"embeddable":true,"href":"https:\/\/nhadepbepxinh.com.vn\/index.php?rest_route=\/wp\/v2\/media\/1243"}],"wp:attachment":[{"href":"https:\/\/nhadepbepxinh.com.vn\/index.php?rest_route=%2Fwp%2Fv2%2Fmedia&parent=1242"}],"wp:term":[{"taxonomy":"product_brand","embeddable":true,"href":"https:\/\/nhadepbepxinh.com.vn\/index.php?rest_route=%2Fwp%2Fv2%2Fproduct_brand&post=1242"},{"taxonomy":"product_cat","embeddable":true,"href":"https:\/\/nhadepbepxinh.com.vn\/index.php?rest_route=%2Fwp%2Fv2%2Fproduct_cat&post=1242"},{"taxonomy":"product_tag","embeddable":true,"href":"https:\/\/nhadepbepxinh.com.vn\/index.php?rest_route=%2Fwp%2Fv2%2Fproduct_tag&post=1242"}],"curies":[{"name":"wp","href":"https:\/\/api.w.org\/{rel}","templated":true}]}}