{"id":1203,"date":"2025-03-23T16:18:52","date_gmt":"2025-03-23T09:18:52","guid":{"rendered":"https:\/\/nhadepbepxinh.com.vn\/?post_type=product&#038;p=1203"},"modified":"2025-03-26T00:01:05","modified_gmt":"2025-03-25T17:01:05","slug":"bep-tu-kaff-kf-308ii","status":"publish","type":"product","link":"https:\/\/nhadepbepxinh.com.vn\/?product=bep-tu-kaff-kf-308ii","title":{"rendered":"B\u1ebeP T\u1eea KAFF KF-308II"},"content":{"rendered":"<p>B\u1ebfp t\u1eeb\u00a0Kaff\u00a0<strong>KF-308II<\/strong>\u00a0s\u1eed d\u1ee5ng m\u1eb7t k\u00ednh\u00a0<strong>Crystal<\/strong>\u00a0s\u1ea3n xu\u1ea5t t\u1ea1i\u00a0<strong>Malaysia<\/strong>, m\u1eb7t k\u00ednh \u0111\u01b0\u1ee3c l\u00e0m t\u1eeb ch\u1ea5t li\u1ec7u g\u1ed1m th\u1ee7y tinh c\u00f3 kh\u1ea3 n\u0103ng ch\u1ecbu nhi\u1ec7t l\u00ean \u0111\u1ebfn 1000\u00b0C, kh\u00e1ng s\u1ed1c 750\u00b0C. B\u1ec1 m\u1eb7t k\u00ednh ch\u1ecbu n\u00f3ng l\u1ea1nh c\u0169ng nh\u01b0 s\u1ef1 thay \u0111\u1ed5i \u0111\u1ed9t ng\u1ed9t c\u1ee7a nhi\u1ec7t \u0111\u1ed9. \u0110\u1ed9 gi\u00e3n n\u1edf v\u00ec nhi\u1ec7t th\u1ea5p n\u00ean b\u1ebfp ho\u1ea1t \u0111\u1ed9ng r\u1ea5t hi\u1ec7u qu\u1ea3 v\u00e0 c\u00e1ch nhi\u1ec7t.\u00a0M\u1eb7t b\u1ebfp t\u1ea3n nhi\u1ec7t nhanh v\u00e0 \u0111\u01b0\u1ee3c c\u00e1ch \u0111i\u1ec7n an to\u00e0n v\u1edbi c\u00e1c linh ki\u1ec7n \u0111i\u1ec7n t\u1eed b\u00ean trong th\u00e2n. B\u1ea1n c\u00f3 th\u1ec3 y\u00ean t\u00e2m s\u1eed d\u1ee5ng m\u00e0 kh\u00f4ng lo b\u1ecb b\u1ecfng hay \u0111i\u1ec7n gi\u1eadt.<\/p>\n<p><img loading=\"lazy\" decoding=\"async\" class=\" jspeed-img-lazyloaded\" title=\"Ph\u1ed1i c\u1ea3nh -\u00a0B\u1ebfp t\u1eeb Kaff KF-308II\" src=\"https:\/\/hsn.vn\/images\/stories\/virtuemart\/product\/bep-tu-kaff-kf-308ii-6.jpg\" alt=\"Ph\u1ed1i c\u1ea3nh -\u00a0B\u1ebfp t\u1eeb Kaff KF-308II\" width=\"899\" height=\"506\" data-jspeed-lazyload=\"1\" data-src=\"\/images\/stories\/virtuemart\/product\/bep-tu-kaff-kf-308ii-6.jpg\" \/><\/p>\n<p><strong>Ph\u1ed1i c\u1ea3nh &#8211;\u00a0B\u1ebfp t\u1eeb Kaff KF-308II<\/strong><\/p>\n<p>\u0110\u00e2y l\u00e0 m\u1eb7t k\u00ednh chuy\u00ean d\u1ee5ng d\u00e0nh cho b\u1ebfp \u0111i\u1ec7n t\u1eeb, l\u00e0 m\u1ed9t lo\u1ea1i k\u00ednh c\u00f3 ch\u1ea5t l\u01b0\u1ee3ng cao, r\u1ea5t c\u1ee9ng, b\u1ec1n v\u00e0 c\u00f3 nhi\u1ec1u \u0111\u1eb7c \u0111i\u1ec3m n\u1ed5i tr\u1ed9i nh\u01b0: kh\u1ea3 n\u0103ng ch\u1ecbu nhi\u1ec7t, kh\u1ea3 n\u0103ng ch\u1ed1ng tr\u1ea7y x\u01b0\u1edbc v\u00e0 ch\u1ed1ng va \u0111\u1eadp &#8230;. M\u1eb7t k\u00ednh g\u1ed3m c\u00e1c th\u1ea5u k\u00ednh h\u1ed9i t\u1ee5, truy\u1ec1n nhi\u1ec7t t\u1eeb b\u1ebfp l\u00ean \u0111\u00e1y n\u1ed3i theo ph\u01b0\u01a1ng th\u1eb3ng \u0111\u1ee9ng, kh\u00f4ng th\u1ea5t tho\u00e1t nhi\u1ec7t ra m\u00f4i tr\u01b0\u1eddng. M\u1eb7t k\u00ednh m\u00e0u x\u00e1m li\u1ec1n nguy\u00ean kh\u1ed1i, an to\u00e0n, th\u1ea9m m\u1ef9 v\u00e0 ti\u1ec7n trong vi\u1ec7c v\u1ec7 sinh, lau ch\u00f9i.<\/p>\n<p><img loading=\"lazy\" decoding=\"async\" class=\" jspeed-img-lazyloaded\" title=\"B\u1ebfp t\u1eeb Kaff KF-308II - Thi\u1ebft k\u1ebf sang tr\u1ecdng cho kh\u00f4ng gian b\u1ebfp ti\u1ec7n nghi.\" src=\"https:\/\/hsn.vn\/images\/stories\/virtuemart\/product\/bep-tu-kaff-kf-308ii-2.jpg\" alt=\"B\u1ebfp t\u1eeb Kaff KF-308II - Thi\u1ebft k\u1ebf sang tr\u1ecdng cho kh\u00f4ng gian b\u1ebfp ti\u1ec7n nghi.\" width=\"910\" height=\"618\" data-jspeed-lazyload=\"1\" data-src=\"\/images\/stories\/virtuemart\/product\/bep-tu-kaff-kf-308ii-2.jpg\" \/><\/p>\n<p><strong>B\u1ebfp t\u1eeb Kaff KF-308II &#8211; Thi\u1ebft k\u1ebf sang tr\u1ecdng cho kh\u00f4ng gian b\u1ebfp ti\u1ec7n nghi.<\/strong><\/p>\n<p>B\u1ebfp t\u1eeb\u00a0Kaff KF-308II\u00a0g\u1ed3m 2 v\u00f9ng n\u1ea5u v\u1edbi t\u1ed5ng c\u00f4ng su\u1ea5t\u00a0<strong>4400W.<\/strong>\u00a0V\u00f9ng n\u1ea5u t\u1eeb tr\u00e1i c\u00f3 c\u00f4ng su\u1ea5t l\u00e0\u00a0<strong>2200W<\/strong>\u00a0khi k\u00edch ho\u1ea1t t\u00ednh n\u0103ng n\u1ea5u nhanh Booster c\u00f4ng su\u1ea5t l\u00ean t\u1edbi<strong>\u00a03200W.<\/strong>\u00a0V\u00f9ng n\u1ea5u t\u1eeb ph\u1ea3i c\u00f3 c\u00f4ng su\u1ea5t l\u00e0\u00a0<strong>2200W<\/strong>\u00a0khi k\u00edch ho\u1ea1t t\u00ednh n\u0103ng n\u1ea5u nhanh Booster c\u00f4ng su\u1ea5t l\u00ean t\u1edbi\u00a0<strong>3200W<\/strong><strong>.\u00a0<\/strong>Ch\u1ec9 trong ch\u1ed1c l\u00e1t sau khi k\u00edch ho\u1ea1t t\u00ednh n\u0103ng n\u00e0y, nhi\u1ec7t l\u01b0\u1ee3ng tr\u00ean v\u00f9ng n\u1ea5u t\u1eeb t\u0103ng l\u00ean c\u00f4ng su\u1ea5t t\u01b0\u01a1ng \u0111\u01b0\u01a1ng v\u1edbi m\u1ee9c nhi\u1ec7t l\u01b0\u1ee3ng l\u1edbn nh\u1ea5t. Do \u0111\u00f3, c\u00e1c m\u00f3n \u0103n \u0111\u01b0\u1ee3c n\u1ea5u ch\u00edn nhanh h\u01a1n, ti\u1ebft ki\u1ec7m th\u1eddi gian v\u00e0o b\u1ebfp cho ch\u1ecb em n\u1ed9i tr\u1ee3. Ch\u1ee9c n\u0103ng\u00a0<strong>Booster<\/strong>\u00a0n\u1ea5u si\u00eau nhanh, tuy nhi\u00ean th\u1eddi gian t\u1ed1i \u0111a m\u1eb7c \u0111\u1ecbnh d\u00f9ng ch\u1ee9c n\u0103ng n\u00e0y l\u00e0 10 ph\u00fat \/ l\u1ea7n tr\u00e1nh qu\u00e1 t\u1ea3i.<\/p>\n<p>&nbsp;<\/p>\n<p><img loading=\"lazy\" decoding=\"async\" class=\" jspeed-img-lazyloaded\" title=\"To\u00e0n c\u1ea3nh -\u00a0B\u1ebfp t\u1eeb Kaff KF-308II - Nh\u1eadp kh\u1ea9u nguy\u00ean chi\u1ebfc t\u1eeb Malaysia\" src=\"https:\/\/hsn.vn\/images\/stories\/virtuemart\/product\/bep-tu-kaff-kf-308ii.jpg\" alt=\"To\u00e0n c\u1ea3nh -\u00a0B\u1ebfp t\u1eeb Kaff KF-308II - Nh\u1eadp kh\u1ea9u nguy\u00ean chi\u1ebfc t\u1eeb Malaysia\" width=\"914\" height=\"543\" data-jspeed-lazyload=\"1\" data-src=\"\/images\/stories\/virtuemart\/product\/bep-tu-kaff-kf-308ii.jpg\" \/><\/p>\n<p><strong>To\u00e0n c\u1ea3nh &#8211;\u00a0B\u1ebfp t\u1eeb Kaff KF-308II &#8211; Nh\u1eadp kh\u1ea9u nguy\u00ean chi\u1ebfc t\u1eeb Malaysia<\/strong><\/p>\n<p>B\u1ebfp t\u1eeb\u00a0Kaff KF-308II\u00a0\u0111\u01b0\u1ee3c trang b\u1ecb v\u1edbi c\u00f4ng ngh\u1ec7\u00a0<strong>Inverter<\/strong>\u00a0th\u00f4ng minh v\u01b0\u1ee3t tr\u1ed9i gi\u00fap l\u00e0m gi\u1ea3m l\u01b0\u1ee3ng ti\u00eau th\u1ee5 \u0111i\u1ec7n c\u1ee7a c\u00e1c s\u1ea3n ph\u1ea9m c\u00f3 s\u1eed d\u1ee5ng l\u00f5i t\u1eeb c\u1ee7a b\u1ebfp t\u1eeb. Ngo\u00e0i ra c\u00f4ng ngh\u1ec7\u00a0<strong>Inverter<\/strong>\u00a0c\u00f2n gi\u00fap b\u1ebfp t\u1eeb \u0111i\u1ec1u ch\u1ec9nh m\u1ee9c c\u00f4ng su\u1ea5t ph\u00f9 h\u1ee3p \u0111\u1ec3 kh\u00f4ng l\u00e0m ti\u00eau th\u1ee5 nhi\u1ec1u \u0111i\u1ec7n n\u0103ng. B\u1ebfp t\u1eeb\u00a0Kaff\u00a0KF-308II<strong>\u00a0<\/strong>v\u1edbi c\u1ea3m bi\u1ebfn th\u00f4ng minh s\u1ebd c\u1ed1 \u0111\u1ecbnh c\u00f4ng su\u1ea5t ti\u00eau th\u1ee5 \u0111i\u1ec7n khi \u0111un n\u1ea5u, kh\u00f4ng b\u1eadt t\u1eaft li\u00ean t\u1ee5c nh\u01b0 c\u00e1c b\u1ebfp t\u1eeb th\u00f4ng th\u01b0\u1eddng kh\u00e1c (t\u1ef1 \u0111\u1ed9ng \u0111i\u1ec1u ch\u1ec9nh li\u00ean t\u1ee5c \u0111\u1ec3 \u0111\u1ea3m b\u1ea3o m\u1ee9c nhi\u1ec7t t\u01b0\u01a1ng \u0111\u01b0\u01a1ng b\u1eb1ng v\u1edbi con s\u1ed1 hi\u1ec3n th\u1ecb tr\u00ean b\u00e0n \u0111i\u1ec1u khi\u1ec3n).<\/p>\n<p><img loading=\"lazy\" decoding=\"async\" class=\" jspeed-img-lazyloaded\" title=\"B\u1ebfp t\u1eeb Kaff KF-308II \u0111\u01b0\u1ee3c \u1ee9ng d\u1ee5ng c\u00f4ng ngh\u1ec7 Inverter\" src=\"https:\/\/hsn.vn\/images\/stories\/virtuemart\/product\/bep-tu-kaff-kf-308ii-3.jpg\" alt=\"B\u1ebfp t\u1eeb Kaff KF-308II \u0111\u01b0\u1ee3c \u1ee9ng d\u1ee5ng c\u00f4ng ngh\u1ec7 Inverter\" width=\"907\" height=\"539\" data-jspeed-lazyload=\"1\" data-src=\"\/images\/stories\/virtuemart\/product\/bep-tu-kaff-kf-308ii-3.jpg\" \/><\/p>\n<p><strong>B\u1ebfp t\u1eeb Kaff KF-308II\u00a0\u0111\u01b0\u1ee3c \u1ee9ng d\u1ee5ng c\u00f4ng ngh\u1ec7 Inverter gi\u00fap ti\u1ebft ki\u1ec7m t\u1ed1i \u0111a \u0111i\u1ec7n n\u0103ng m\u00e0 b\u1ebfp v\u1eabn \u0111\u1ea1t hi\u1ec7u su\u1ea5t x\u1eed l\u00fd cao nh\u1ea5t trong qu\u00e1 tr\u00ecnh s\u1eed d\u1ee5ng.<\/strong><\/p>\n<p>B\u1ebfp t\u1eeb\u00a0Kaff KF-308II\u00a0kh\u00f4ng s\u1eed d\u1ee5ng l\u1eeda \u0111\u1ec3 l\u00e0m ch\u00edn th\u1ee9c \u0103n v\u00e0 d\u00f9ng n\u0103ng l\u01b0\u1ee3ng c\u1ea3m \u1ee9ng t\u1eeb, v\u00ec th\u1ebf hi\u1ec7u su\u1ea5t n\u1ea5u \u0111\u1ea1t t\u1edbi 90%, trong khi b\u1ebfp gas ch\u1ec9 \u0111\u1ea1t kho\u1ea3ng 50%. B\u1edfi v\u1eady, s\u1eed d\u1ee5ng b\u1ebfp t\u1eeb n\u00e0y kh\u00f4ng nh\u1eefng gi\u00fap b\u1ea1n ti\u1ebft ki\u1ec7m th\u1eddi gian n\u1ea5u m\u1ed9t n\u1eeda m\u00e0 c\u00f2n ti\u1ebft ki\u1ec7m \u0111i\u1ec7n n\u0103ng, ti\u1ebft ki\u1ec7m chi ph\u00ed h\u00e0ng th\u00e1ng cho gia \u0111\u00ecnh. \u01afu \u0111i\u1ec3m n\u1ed5i b\u1eadt c\u1ee7a b\u1ebfp t\u1eeb l\u00e0 kh\u1ea3 n\u0103ng \u0111un n\u1ea5u c\u1ef1c nhanh v\u1edbi nguy\u00ean l\u00fd ho\u1ea1t \u0111\u1ed9ng c\u1ee7a s\u00f3ng t\u1eeb t\u00e1c \u0111\u1ed9ng vu\u00f4ng g\u00f3c v\u1edbi \u0111\u00e1y n\u1ed3i gi\u00fap ti\u1ebft ki\u1ec7m th\u1eddi gian \u0111un n\u1ea5u \u0111\u1ebfn t\u1ed1i \u0111a.<\/p>\n<p><img loading=\"lazy\" decoding=\"async\" class=\" jspeed-img-lazyloaded\" title=\"B\u1ebfp t\u1eeb Kaff KF-308II trang b\u1ecb nhi\u1ec1u ti\u1ec7n \u00edch h\u1eefu d\u1ee5ng gi\u00fap vi\u1ec7c n\u1ea5u \u0103n tr\u1edf l\u00ean nhanh ch\u00f3ng v\u00e0 d\u1ec5 d\u00e0ng h\u01a1n.\" src=\"https:\/\/hsn.vn\/images\/stories\/virtuemart\/product\/bep-tu-kaff-kf-308ii-5.jpg\" alt=\"B\u1ebfp t\u1eeb Kaff KF-308II trang b\u1ecb nhi\u1ec1u ti\u1ec7n \u00edch h\u1eefu d\u1ee5ng gi\u00fap vi\u1ec7c n\u1ea5u \u0103n tr\u1edf l\u00ean nhanh ch\u00f3ng v\u00e0 d\u1ec5 d\u00e0ng h\u01a1n.\" width=\"905\" height=\"538\" data-jspeed-lazyload=\"1\" data-src=\"\/images\/stories\/virtuemart\/product\/bep-tu-kaff-kf-308ii-5.jpg\" \/><\/p>\n<p><strong>B\u1ebfp t\u1eeb Kaff KF-308II\u00a0trang b\u1ecb nhi\u1ec1u ti\u1ec7n \u00edch h\u1eefu d\u1ee5ng gi\u00fap vi\u1ec7c n\u1ea5u \u0103n tr\u1edf l\u00ean nhanh ch\u00f3ng v\u00e0 d\u1ec5 d\u00e0ng h\u01a1n.<\/strong><\/p>\n<p>B\u1ebfp t\u1eeb\u00a0Kaff KF-308II\u00a0\u0111\u01b0\u1ee3c t\u00edch h\u1ee3p ch\u1ee9c n\u0103ng t\u1ef1 nh\u1eadn di\u1ec7n v\u00f9ng n\u1ea5u, khi ta \u0111\u1eb7t n\u1ed3i l\u00ean 1 trong 2 v\u00f9ng n\u1ea5u sau \u0111\u00f3 \u1ea5n n\u00fat kh\u1edfi \u0111\u1ed9ng b\u1ebfp sau th\u1eddi gian 1-2 gi\u00e2y b\u1ebfp s\u1ebd t\u1ef1 \u0111\u1ed9ng t\u00ecm v\u00f9ng n\u1ea5u \u0111\u00e3 c\u00f3 n\u1ed3i, ta ch\u1ec9 vi\u1ec7c \u0111i\u1ec1u ch\u1ec9nh m\u1ee9c c\u00f4ng su\u1ea5t to nh\u1ecf theo \u00fd mu\u1ed1n m\u00e0 kh\u00f4ng ph\u1ea3i thao t\u00e1c ch\u1ecdn v\u00f9ng n\u1ea5u nh\u01b0 b\u1ebfp th\u00f4ng th\u01b0\u1eddng.\u00a0C\u00f4ng ngh\u1ec7\u00a0<b>Inverter<\/b>\u00a0\u0111\u01b0\u1ee3c \u00e1p d\u1ee5ng tr\u00ean b\u1ebfp t\u1eeb\u00a0Kaff\u00a0KF-308II\u00a0c\u00f3 kh\u1ea3 n\u0103ng ph\u1ea3n \u1ee9ng thay \u0111\u1ed5i c\u00f4ng su\u1ea5t theo \u0111i\u1ec1u khi\u1ec3n ngay t\u1ee9c th\u00ec, khi ng\u01b0\u1eddi d\u00f9ng \u0111i\u1ec1u ch\u1ec9nh t\u0103ng gi\u1ea3m nhi\u1ec7t \u0111\u1ed9 \u0111un n\u1ea5u, b\u1ebfp \u0111i\u1ec1u ch\u1ec9nh thay \u0111\u1ed5i t\u1ee9c th\u00ec v\u1ec1 m\u1ee9c nhi\u1ec7t \u0111\u1ed9 mong mu\u1ed1n.<\/p>\n<p><img loading=\"lazy\" decoding=\"async\" class=\" jspeed-img-lazyloaded\" title=\"B\u1ebfp t\u1eeb Kaff KF-308II - Thi\u1ebft k\u1ebf m\u1edbi c\u00f9ng nh\u1eefng tr\u1ea3i nghi\u1ec7m m\u1edbi\" src=\"https:\/\/hsn.vn\/images\/stories\/virtuemart\/product\/bep-tu-kaff-kf-308ii-4.jpg\" alt=\"B\u1ebfp t\u1eeb Kaff KF-308II - Thi\u1ebft k\u1ebf m\u1edbi c\u00f9ng nh\u1eefng tr\u1ea3i nghi\u1ec7m m\u1edbi\" width=\"905\" height=\"538\" data-jspeed-lazyload=\"1\" data-src=\"\/images\/stories\/virtuemart\/product\/bep-tu-kaff-kf-308ii-4.jpg\" \/><\/p>\n<p><strong>B\u1ebfp t\u1eeb Kaff KF-308II &#8211; Thi\u1ebft k\u1ebf m\u1edbi c\u00f9ng nh\u1eefng tr\u1ea3i nghi\u1ec7m m\u1edbi<\/strong><\/p>\n<p>B\u1ebfp t\u1eeb\u00a0Kaff KF-308II\u00a0s\u1eed d\u1ee5ng b\u1ea3ng \u0111i\u1ec1u khi\u1ec3n c\u1ea3m \u1ee9ng d\u1ea1ng tr\u01b0\u1ee3t\u00a0<strong>Slider Control<\/strong>\u00a0hi\u1ec7n \u0111\u1ea1i v\u1edbi 9 c\u1ea5p \u0111\u1ed9 c\u00f4ng su\u1ea5t nhi\u1ec7t \u0111\u1ed9 kh\u00e1c nhau, \u0111i\u1ec1u khi\u1ec3n d\u1ec5 d\u00e0ng b\u1eb1ng m\u1ed9t ng\u00f3n tay, m\u1ecdi ch\u01b0\u01a1ng tr\u00ecnh n\u1ea5u \u0111\u1ec1u \u0111\u01b0\u1ee3c hi\u1ec3n th\u1ecb qua \u0111\u00e8n Led s\u1eafc n\u00e9t \u0111\u1ec3 b\u1ea1n \u0111i\u1ec1u ch\u1ec9nh cho ph\u00f9 h\u1ee3p v\u1edbi c\u00e1c m\u00f3n \u0103n.\u00a0B\u1ebfp c\u00f2n \u0111\u01b0\u1ee3c trang b\u1ecb th\u00eam c\u00e1c ch\u1ee9c n\u0103ng n\u1ea5u th\u00f4ng minh nh\u01b0 t\u1ea1m d\u1eebng, chi\u00ean x\u00e0o v\u00e0 h\u00e2m n\u00f3ng.<\/p>\n<p><img loading=\"lazy\" decoding=\"async\" class=\" jspeed-img-lazyloaded\" src=\"https:\/\/hsn.vn\/images\/stories\/virtuemart\/product\/bep-tu-kaff-kf-308ii7.jpg\" alt=\"kich-thuoc-bep-tu-kaff-kf-308ii.jpg_product_product\" width=\"896\" height=\"597\" data-jspeed-lazyload=\"1\" data-src=\"\/images\/stories\/virtuemart\/product\/bep-tu-kaff-kf-308ii7.jpg\" \/><\/p>\n<p><strong>B\u1ebfp t\u1eeb Kaff KF-308II\u00a0thi\u1ebft k\u1ebf b\u1ea3ng \u0111i\u1ec1u khi\u1ec3n d\u1ea1ng tr\u01b0\u1ee3t Slider Control \u0111\u1ed9c l\u1eadp cho t\u1eebng v\u00f9ng n\u1ea5u c\u00f9ng c\u00e1c ti\u1ec7n \u00edch \u0111\u01b0\u1ee3c c\u00e0i \u0111\u1eb7t s\u1eb5n. Si\u00eau nh\u1ea1y, d\u1ec5 d\u00e0ng s\u1eed d\u1ee5ng v\u00e0 ph\u00f9 h\u1ee3p v\u1edbi nhi\u1ec1u l\u1ee9a tu\u1ed5i.<\/strong><\/p>\n<p><strong>Ch\u1ee9c n\u0103ng t\u1ea1m d\u1eebng v\u00e0 ghi nh\u1edb ch\u01b0\u01a1ng tr\u00ecnh Stop &amp; Go:<\/strong>\u00a0T\u1ea1m d\u1eebng b\u1ebfp khi \u0111ang \u0111un n\u1ea5u, sau \u0111\u00f3 ta ti\u1ebfp t\u1ee5c \u0111un n\u1ea5u tr\u1edf l\u1ea1i b\u1eb1ng vi\u1ec7c nh\u1ea5n v\u00e0o thanh tr\u01b0\u1ee3t Slider ho\u1eb7c ph\u00edm Pause, b\u1ebfp s\u1ebd ho\u1ea1t \u0111\u1ed9ng tr\u1edf l\u1ea1i \u0111\u00fang c\u00e0i \u0111\u1eb7t tr\u01b0\u1edbc \u0111\u00f3 khi \u0111\u01b0\u1ee3c kh\u1edfi ch\u1ea1y tr\u1edf l\u1ea1i.<\/p>\n<p><strong>Ch\u1ee9c n\u0103ng \u1ee7 \u1ea5m \u201ch\u00e2m n\u00f3ng\u201d:<\/strong>\u00a0V\u1edbi c\u00f4ng ngh\u1ec7 bi\u1ebfn t\u1ea7n\u00a0<b>Inverter\u00a0<\/b>v\u01b0\u1ee3t tr\u1ed9i, b\u1ebfp t\u1eeb\u00a0Kaff\u00a0KF-308II\u00a0c\u00f3 kh\u1ea3 n\u0103ng \u1ee7 \u1ea5m \u1edf nhi\u1ec7t \u0111\u1ed9 nh\u1ea5t \u0111\u1ecbnh, ch\u1ee9c n\u0103ng \u1ee7 \u1ea5m \u0111\u01b0\u1ee3c l\u1eadp tr\u00ecnh gi\u1eef m\u1ee9c nhi\u1ec7t \u0111\u1ed9 \u1ed5n \u0111\u1ecbnh\u00a0gi\u00fap ch\u00fang ta duy tr\u00ec nhi\u1ec7t cho th\u1ee9c \u0103n lu\u00f4n n\u00f3ng m\u00e0 kh\u00f4ng b\u1ecb ngu\u1ed9i \u0111i ph\u1ea3i \u0111un l\u1ea1i nhi\u1ec1u l\u1ea7n l\u00e0m gi\u1ea3m ch\u1ea5t dinh d\u01b0\u1ee1ng trong th\u1ee9c \u0103n, \u0111\u1eb7c bi\u1ec7t v\u1ec1 m\u00f9a \u0111\u00f4ng th\u1eddi ti\u1ebft l\u1ea1nh.<\/p>\n<p><strong>Ch\u1ee9c n\u0103ng chi\u00ean r\u00e1n nhi\u1ec1u m\u1ee9c nhi\u1ec7t \u0111\u1ed9:<\/strong>\u00a0Ch\u1ee9c n\u0103ng chi\u00ean r\u00e1n c\u1ee7a b\u1ebfp t\u1eeb\u00a0Kaff KF-308II\u00a0\u0111\u01b0\u1ee3c l\u1eadp tr\u00ecnh t\u1ed1i \u01b0u v\u1edbi nhi\u1ec1u m\u1ee9c nhi\u1ec7t \u0111\u1ed9\u00a0gi\u00fap vi\u1ec7c chi\u00ean r\u00e1n th\u1ef1c ph\u1ea9m \u0111\u1ea1t \u0111\u1ed9 gia nhi\u1ec7t chu\u1ea9n x\u00e1c nh\u01b0 \u0111i\u1ec1u ch\u1ec9nh b\u1ebfp ga truy\u1ec1n th\u1ed1ng \u1edf nhi\u1ec1u m\u1ee9c nhi\u1ec7t kh\u00e1c nhau theo \u00fd mu\u1ed1n.<\/p>\n<p>Ph\u1ea7n th\u00e2n v\u1ecf c\u1ee7a\u00a0b\u1ebfp t\u1eeb\u00a0Kaff KF-308II\u00a0s\u1eed d\u1ee5ng ch\u1ea5t li\u1ec7u th\u00e9p ch\u1ed1ng r\u1ec9. \u0110\u00e2y l\u00e0 ch\u1ea5t li\u1ec7u c\u00f3 kh\u1ea3 n\u0103ng ch\u1ed1ng l\u1ea1i qu\u00e1 tr\u00ecnh oxi h\u00f3a v\u00e0 r\u00f2 r\u1ec9 \u0111i\u1ec7n n\u00ean r\u1ea5t an to\u00e0n cho ng\u01b0\u1eddi s\u1eed d\u1ee5ng v\u00e0 th\u00edch h\u1ee3p v\u1edbi kh\u00ed h\u1eadu nhi\u1ec7t \u0111\u1edbi gi\u00f3 m\u00f9a t\u1ea1i Vi\u1ec7t Nam.<\/p>\n<h2>T\u00cdNH N\u0102NG AN TO\u00c0N<\/h2>\n<p>M\u1ed9t trong nh\u1eefng \u0111i\u1ec3m thu h\u00fat c\u1ee7a b\u1ebfp t\u1eeb\u00a0Kaff KF-308II\u00a0\u0111\u1ebfn ng\u01b0\u1eddi d\u00f9ng ch\u00ednh l\u00e0 b\u1ebfp \u0111\u1ea3m b\u1ea3o an to\u00e0n tuy\u1ec7t \u0111\u1ed1i. Y\u1ebfu t\u1ed1 an to\u00e0n lu\u00f4n \u0111\u01b0\u1ee3c ng\u01b0\u1eddi d\u00f9ng \u0111\u1eb7t l\u00ean h\u00e0ng \u0111\u1ea7u, do \u0111\u00f3 h\u00e3ng\u00a0<strong>Kaff<\/strong>\u00a0t\u00edch h\u1ee3p trong s\u1ea3n ph\u1ea9m nh\u1eefng t\u00ednh n\u0103ng hi\u1ec7n \u0111\u1ea1i nh\u01b0:<\/p>\n<p><strong>Ch\u1ee9c n\u0103ng kh\u00f3a tr\u1ebb em Child Lock:<\/strong>\u00a0Nh\u1ea5n v\u00e0 gi\u1eef ph\u00edm kh\u00f3a trong v\u00f2ng 3 gi\u00e2y \u0111\u1ec3 k\u00edch ho\u1ea1t kh\u00f3a tr\u1ebb em, c\u00e1c ph\u00edm kh\u00e1c s\u1ebd kh\u00f4ng s\u1eed d\u1ee5ng \u0111\u01b0\u1ee3c (tr\u1eeb ph\u00edm ngu\u1ed3n), \u0111\u1ec3 m\u1edf kh\u00f3a nh\u1ea5n v\u00e0 gi\u1eef ph\u00edm kh\u00f3a 3 gi\u00e2y \u0111\u1ec3 m\u1edf l\u1ea1i. Ch\u1ee9c n\u0103ng n\u00e0y \u0111\u1ec3 b\u1ea3o v\u1ec7 ho\u1ea1t \u0111\u1ed9ng c\u1ee7a b\u1ebfp tr\u01b0\u1edbc c\u00e1c ho\u1ea1t \u0111\u1ed9ng v\u00f4 t\u00ecnh b\u1ea5m ph\u00edm c\u1ee7a tr\u1ebb em trong qu\u00e1 tr\u00ecnh n\u1ea5u.<\/p>\n<p><strong>Ch\u1ee9c n\u0103ng ch\u1ed1ng tr\u00e0o n\u01b0\u1edbc Water overflow:<\/strong>\u00a0Khi c\u00f3 n\u01b0\u1edbc s\u00f4i v\u00f4 t\u00ecnh tr\u00e0n trong khi n\u1ea5u, n\u01b0\u1edbc tr\u00e0n \u0111\u1ebfn khu v\u1ef1c b\u00e0n ph\u00edm \u0111i\u1ec1u khi\u1ec3n, sau kho\u1ea3ng 3-5 gi\u00e2y b\u1ebfp s\u1ebd t\u1ef1 \u0111\u1ed9ng ng\u1eebng ho\u1ea1t \u0111\u1ed9ng \u0111\u1ec3 \u0111\u1ea3m b\u1ea3o an to\u00e0n.<\/p>\n<p><strong>Ch\u1ee9c n\u0103ng t\u1ef1 \u0111\u1ed9ng t\u1eaft b\u1ebfp khi kh\u00f4ng c\u00f3 n\u1ed3i:<\/strong>\u00a0Trong qu\u00e1 tr\u00ecnh \u0111un n\u1ea5u, n\u1ebfu n\u1ed3i b\u1ecb nh\u1ea5c ra kh\u1ecfi v\u00f9ng n\u1ea5u c\u1ee7a b\u1ebfp th\u00ec b\u1ebfp c\u0169ng s\u1ebd t\u1ef1 ng\u1eaft c\u00f4ng su\u1ea5t v\u00e0 kh\u00f4ng \u0111un n\u1ea5u cho v\u00f9ng n\u1ea5u \u0111\u00f3, m\u00e0n h\u00ecnh hi\u1ec3n th\u1ecb ch\u1eef\u00a0<strong>U<\/strong>\u00a0\u0111\u1ec3 c\u1ea3nh b\u00e1o cho ng\u01b0\u1eddi d\u00f9ng.<\/p>\n<p><strong>H\u1eb9n gi\u1edd gi\u1edbi h\u1ea1n th\u1eddi gian ho\u1ea1t \u0111\u1ed9ng:<\/strong>\u00a0B\u1ebfp t\u1eeb\u00a0Kaff KF-308II\u00a0c\u00f3 kh\u1ea3 n\u0103ng h\u1eb9n gi\u1edd \u0111\u1ed9c l\u1eadp t\u1eebng v\u00f9ng n\u1ea5u, ng\u01b0\u1eddi d\u00f9ng c\u00f3 th\u1ec3 d\u1ec5 d\u00e0ng thi\u1ebft l\u1eadp th\u1eddi gian \u0111un n\u1ea5u, b\u1ebfp s\u1ebd t\u01b0 \u0111\u1ed9ng ng\u1eaft khi h\u1ebft th\u1eddi gian \u0111\u00e3 \u0111\u01b0\u1ee3c c\u00e0i \u0111\u1eb7t<\/p>\n<p><strong>B\u1ea3o v\u1ec7 qu\u00e1 nhi\u1ec7t (c\u1ea3m bi\u1ebfn nhi\u1ec7t \u0111\u1ed9 t\u00edch h\u1ee3p trong t\u1eebng v\u00f9ng n\u1ea5u):\u00a0<\/strong>B\u1ebfp t\u1eeb Kaff\u00a0KF-308II\u00a0\u0111\u01b0\u1ee3c thi\u1ebft k\u1ebf c\u1ea3m bi\u1ebfn nhi\u1ec7t \u0111\u1ed9 d\u01b0\u1edbi m\u1ed7i v\u00f9ng n\u1ea5u, khi c\u00f3 hi\u1ec7n t\u01b0\u1ee3ng qu\u00e1 nhi\u1ec7t ( n\u1ed3i \u0111un b\u1ecb c\u1ea1n, ch\u00e1y,.. ) b\u1ebfp s\u1ebd ch\u1ee7 \u0111\u1ed9ng ng\u1eaft c\u00f4ng su\u1ea5t \u0111\u1ec3 \u0111\u1ea3m b\u1ea3o an to\u00e0n cho thi\u1ebft b\u1ecb c\u0169ng nh\u01b0 \u0111\u1ea3m b\u1ea3o kh\u00f4ng s\u1ef1 c\u1ed1 \u0111\u00e1ng ti\u1ebfc x\u1ea3y ra.<\/p>\n<p><strong>Ch\u1ec9 b\u00e1o nhi\u1ec7t d\u01b0 \u201cH\u201d \u0111\u01b0\u1ee3c hi\u1ec3n th\u1ecb cho t\u1eebng v\u00f9ng n\u1ea5u c\u00f2n n\u00f3ng:<\/strong>\u00a0B\u1ebfp s\u1ebd c\u1ea3nh b\u00e1o b\u1eb1ng ch\u1eef\u00a0<strong>\u201cH\u201d<\/strong>\u00a0nh\u1ea5p nh\u00e1y khi v\u00f9ng n\u1ea5u c\u00f2n n\u00f3ng nhi\u1ec7t \u0111\u1ed9 tr\u00ean\u00a0<strong>60\u00baC<\/strong>\u00a0sau khi \u0111un, ch\u1eef\u00a0<strong>\u201cH\u201d<\/strong>\u00a0s\u1ebd t\u1ef1 m\u1ea5t \u0111i khi m\u1eb7t b\u1ebfp \u0111\u00e3 \u0111\u01b0\u1ee3c t\u1ea3n gi\u1ea3m xu\u1ed1ng d\u01b0\u1edbi\u00a0<strong>60\u00baC<\/strong>\u00a0kh\u00f4ng c\u00f2n nguy hi\u1ec3m.<\/p>\n<p><strong>Ch\u1ee9c n\u0103ng chia s\u1ebb c\u00f4ng su\u1ea5t c\u1ee7a hai v\u00f9ng n\u1ea5u t\u1ed1i \u0111a 4400W:<\/strong>\u00a0Khi m\u1ed9t v\u00f9ng n\u1ea5u ho\u1ea1t \u0111\u1ed9ng \u1edf m\u1ee9c c\u00f4ng su\u1ea5t cao, v\u00f9ng n\u1ea5u c\u00f2n l\u1ea1i s\u1ebd t\u1ef1 \u0111\u1ed9ng \u0111i\u1ec1u ch\u1ec9nh gi\u1ea3m \u0111\u1ec3 \u0111\u1ea3m b\u1ea3o t\u1ed5ng c\u00f4ng su\u1ea5t b\u1ebfp kh\u00f4ng v\u01b0\u1ee3t qu\u00e1\u00a0<strong>4400W<\/strong>, b\u1ea3o v\u1ec7 cho c\u00e1c thi\u1ebft b\u1ecb \u0111i\u1ec7n kh\u00e1c trong gia \u0111\u00ecnh kh\u00f4ng b\u1ecb qu\u00e1 t\u1ea3i \u0111\u01b0\u1eddng d\u00e2y.<\/p>\n<h2>TH\u00d4NG TIN CHI TI\u1ebeT S\u1ea2N PH\u1ea8M<\/h2>\n<h3>\u0110\u1eb7c \u0111i\u1ec3m n\u1ed5i b\u1eadt<\/h3>\n<ul>\n<li>B\u1ebfp 2 v\u00f9ng n\u1ea5u c\u1ea3m \u1ee9ng t\u1eeb<\/li>\n<li>M\u00e2m t\u1eeb\u00a0<strong>E.G.O &#8211; Made in Germany<\/strong><\/li>\n<li>Bo m\u1ea1ch\u00a0<strong>IGBT Siemens &#8211; Made in Germany<\/strong><\/li>\n<li>M\u1eb7t k\u00ednh\u00a0<strong>Crystal si\u00eau b\u1ec1n<\/strong>, v\u00e1t 4 c\u1ea1nh, bo vi\u1ec1n kim lo\u1ea1i cao c\u1ea5p sang tr\u1ecdng<\/li>\n<li>C\u00f4ng ngh\u1ec7 bi\u1ebfn t\u1ea7n\u00a0<strong>Inverter th\u00f4ng minh<\/strong>\u00a0v\u01b0\u1ee3t tr\u1ed9i. Ti\u1ebft ki\u1ec7m l\u00ean t\u1edbi 40% \u0111i\u1ec7n n\u0103ng<\/li>\n<li>Ch\u1ee9c n\u0103ng &#8220;<strong>Booster<\/strong>&#8221; si\u00eau nhanh<\/li>\n<li>\u0110i\u1ec1u khi\u1ec3n c\u1ea3m \u1ee9ng\u00a0<strong>Slider Control 9 m\u1ee9c<\/strong>\u00a0c\u00f4ng su\u1ea5t<\/li>\n<li>T\u1ed1c \u0111\u1ed9 t\u0103ng nhi\u1ec7t nhanh g\u1ea5p 3 l\u1ea7n so v\u1edbi b\u1ebfp truy\u1ec1n th\u1ed1ng.<\/li>\n<li>N\u1ea5u th\u1ee9c \u0103n v\u1edbi \u0111\u1ed9 ch\u00ednh x\u00e1c cao ph\u1ea3n \u1ee9ng t\u1ee9c th\u00ec v\u1edbi m\u1ee9c nhi\u1ec7t mong mu\u1ed1n<\/li>\n<li>T\u1ef1 \u0111\u1ed9ng ph\u00e1t hi\u1ec7n v\u00f9ng n\u1ea5u v\u00e0 v\u00f9ng n\u1ea5u ch\u1ec9 n\u00f3ng l\u00ean khi c\u00f3 n\u1ed3i.<\/li>\n<li>Ch\u1ee9c n\u0103ng\u00a0<strong>h\u00e2m n\u00f3ng<\/strong><\/li>\n<li>Ch\u1ee9c n\u0103ng\u00a0<strong>chi\u00ean x\u00e0o<\/strong><\/li>\n<\/ul>\n<h3>Ch\u1ee9c n\u0103ng an to\u00e0n<\/h3>\n<ul>\n<li>T\u00ednh n\u0103ng\u00a0<strong>t\u1ea1m d\u1eebng khi c\u1ea7n thi\u1ebft<\/strong><\/li>\n<li>Kh\u00f3a tr\u1ebb em<\/li>\n<li>Ch\u1ee9c n\u0103ng t\u1eaft t\u1ef1 \u0111\u1ed9ng t\u1eaft b\u1ebfp khi kh\u00f4ng c\u00f3 n\u1ed3i<\/li>\n<li>Ch\u1ee9c n\u0103ng ch\u1ed1ng tr\u00e0o n\u01b0\u1edbc<\/li>\n<li>H\u1eb9n gi\u1edd gi\u1edbi h\u1ea1n th\u1eddi gian ho\u1ea1t \u0111\u1ed9ng.<\/li>\n<li>B\u1ea3o v\u1ec7 qu\u00e1 nhi\u1ec7t (c\u1ea3m bi\u1ebfn nhi\u1ec7t \u0111\u1ed9 t\u00edch h\u1ee3p trong t\u1eebng v\u00f9ng n\u1ea5u)<\/li>\n<li>Ch\u1ec9 b\u00e1o nhi\u1ec7t d\u01b0\u00a0hi\u1ec3n th\u1ecb tr\u00ean v\u00f9ng n\u00f3ng<\/li>\n<li>T\u00ednh n\u0103ng chia s\u1ebb c\u00f4ng su\u1ea5t<\/li>\n<\/ul>\n<h3>Th\u00f4ng s\u1ed1 k\u1ef9 thu\u1eadt<\/h3>\n<ul>\n<li>V\u00f9ng n\u1ea5u t\u1eeb tr\u00e1i: 2200W &#8211; Booster 3200W<\/li>\n<li>V\u00f9ng n\u1ea5u t\u1eeb ph\u1ea3i: 2200W &#8211; Booster 3200W<\/li>\n<li>Ngu\u1ed3n \u0111i\u1ec7n: 220V\/50-60Hz<\/li>\n<li>K\u00edch th\u01b0\u1edbc s\u1ea3n ph\u1ea9m: R720 x S430 mm<\/li>\n<li>K\u00edch th\u01b0\u1edbc kho\u00e9t \u0111\u00e1: R680 x S390 mm<\/li>\n<\/ul>\n<h2>K\u00cdCH TH\u01af\u1edaC L\u1eaeP \u0110\u1eb6T S\u1ea2N PH\u1ea8M<\/h2>\n<p>&nbsp;<\/p>\n<p><img loading=\"lazy\" decoding=\"async\" class=\" jspeed-img-lazyloaded\" title=\"B\u1ebfp t\u1eeb Kaff KF-308II - K\u00edch th\u01b0\u1edbc l\u1eafp \u0111\u1eb7t s\u1ea3n ph\u1ea9m\" src=\"https:\/\/hsn.vn\/images\/stories\/virtuemart\/product\/kich-thuoc-bep-tu-kaff-kf-308ii.jpg\" alt=\"B\u1ebfp t\u1eeb Kaff KF-308II - K\u00edch th\u01b0\u1edbc l\u1eafp \u0111\u1eb7t s\u1ea3n ph\u1ea9m\" width=\"643\" height=\"326\" data-jspeed-lazyload=\"1\" data-src=\"\/images\/stories\/virtuemart\/product\/kich-thuoc-bep-tu-kaff-kf-308ii.jpg\" \/><\/p>\n","protected":false},"excerpt":{"rendered":"<p>&nbsp;<\/p>\n<ul class=\"short_pro_desc\">\n<li>B\u1ebfp 02 t\u1eeb \u2013 Xu\u1ea5t X\u1ee9: Malaisia<\/li>\n<li>M\u1eb7t k\u00ednh Crytal si\u00eau b\u1ec1n, ch\u1ecbu l\u1ef1c ch\u1ecbu s\u1ed1c nhi\u1ec7t<\/li>\n<li>\u0110\u1ea7u \u0111\u1ed1t EGO Made in Germany<\/li>\n<li>Ch\u1ee9c n\u0103ng Booster c\u1ef1c nhanh v\u1edbi b\u1ebfp t\u1eeb<\/li>\n<li>10 d\u1ea3i c\u00f4ng su\u1ea5t<\/li>\n<li>\u0110i\u1ec1u khi\u1ec3n c\u1ea3m \u1ee9ng Slider d\u1ea1ng \u1ea9n tr\u1ef1c ti\u1ebfp tr\u00ean m\u1eb7t b\u1ebfp<\/li>\n<li>Ch\u1ebf \u0111\u1ed9 h\u1eb9n gi\u1edd, kh\u00f3a tr\u1ebb em th\u00f4ng minh, ti\u1ec7n d\u1ee5ng<\/li>\n<li>Ch\u1ebf \u0111\u1ed9 03 v\u00f2ng nhi\u1ec7t ti\u1ec7n d\u1ee5ng v\u1edbi c\u00e1c lo\u1ea1i n\u1ed3i l\u1edbn nh\u1ecf<\/li>\n<li>Ch\u1ee9c n\u0103ng Inverter v\u00e0 chia c\u00f4ng su\u1ea5t ti\u1ebft ki\u1ec7m \u0111i\u1ec7n n\u0103ng, b\u1ea3o v\u1ec7 b\u1ebfp<\/li>\n<\/ul>\n","protected":false},"featured_media":1204,"comment_status":"open","ping_status":"closed","template":"","meta":[],"product_brand":[],"product_cat":[15,33],"product_tag":[],"class_list":{"0":"post-1203","1":"product","2":"type-product","3":"status-publish","4":"has-post-thumbnail","6":"product_cat-bep-tu","7":"product_cat-hang-kaff","9":"first","10":"instock","11":"shipping-taxable","12":"product-type-simple"},"_links":{"self":[{"href":"https:\/\/nhadepbepxinh.com.vn\/index.php?rest_route=\/wp\/v2\/product\/1203","targetHints":{"allow":["GET"]}}],"collection":[{"href":"https:\/\/nhadepbepxinh.com.vn\/index.php?rest_route=\/wp\/v2\/product"}],"about":[{"href":"https:\/\/nhadepbepxinh.com.vn\/index.php?rest_route=\/wp\/v2\/types\/product"}],"replies":[{"embeddable":true,"href":"https:\/\/nhadepbepxinh.com.vn\/index.php?rest_route=%2Fwp%2Fv2%2Fcomments&post=1203"}],"wp:featuredmedia":[{"embeddable":true,"href":"https:\/\/nhadepbepxinh.com.vn\/index.php?rest_route=\/wp\/v2\/media\/1204"}],"wp:attachment":[{"href":"https:\/\/nhadepbepxinh.com.vn\/index.php?rest_route=%2Fwp%2Fv2%2Fmedia&parent=1203"}],"wp:term":[{"taxonomy":"product_brand","embeddable":true,"href":"https:\/\/nhadepbepxinh.com.vn\/index.php?rest_route=%2Fwp%2Fv2%2Fproduct_brand&post=1203"},{"taxonomy":"product_cat","embeddable":true,"href":"https:\/\/nhadepbepxinh.com.vn\/index.php?rest_route=%2Fwp%2Fv2%2Fproduct_cat&post=1203"},{"taxonomy":"product_tag","embeddable":true,"href":"https:\/\/nhadepbepxinh.com.vn\/index.php?rest_route=%2Fwp%2Fv2%2Fproduct_tag&post=1203"}],"curies":[{"name":"wp","href":"https:\/\/api.w.org\/{rel}","templated":true}]}}