{"id":500,"date":"2019-12-02T13:38:25","date_gmt":"2019-12-02T06:38:25","guid":{"rendered":"http:\/\/beptu.lamgia.biz\/?page_id=500"},"modified":"2025-04-03T16:23:08","modified_gmt":"2025-04-03T09:23:08","slug":"chinh-sach-bao-hanh","status":"publish","type":"page","link":"https:\/\/nhadepbepxinh.com.vn\/?page_id=500","title":{"rendered":"Ch\u00ednh s\u00e1ch b\u1ea3o h\u00e0nh"},"content":{"rendered":"<div class=\"noidung TextSize\">\n<div class=\"nddes fRobotoB lh22 pb20\">\n<p><strong>I.\u00a0 \u00a0CH\u00cdNH S\u00c1CH B\u1ea2O H\u00c0NH C\u00c1C S\u1ea2N PH\u1ea8M THI\u1ebeT B\u1eca NH\u00c0 B\u1ebeP KOCHER<\/strong><\/p>\n<p><strong>1.\u00a0 \u00a0 \u0110i\u00ea\u0300u ki\u00ea\u0323n ba\u0309o ha\u0300nh<\/strong><\/p>\n<p><strong>a.\u00a0 \u00a0 S\u1eeda ch\u1eefa ho\u1eb7c thay th\u1ebf ph\u1ee5 t\u00f9ng, linh ki\u1ec7n mi\u1ec5n ph\u00ed n\u1ebfu kh\u00e1ch h\u00e0ng \u0111\u00e1p \u1ee9ng \u0111\u1ea7y \u0111\u1ee7 c\u00e1c \u0111i\u1ec1u ki\u1ec7n sau:<\/strong><\/p>\n<p>\u2022 S\u1ea3n ph\u1ea9m c\u00f2n trong Th\u1eddi H\u1ea1n B\u1ea3o h\u00e0nh.<\/p>\n<p>\u2022 Xu\u1ea5t tr\u00ecnh phi\u1ebfu b\u1ea3o h\u00e0nh \u0111i\u1ec7n t\u1eed ho\u1eb7c ho\u0301a \u0111\u01a1n mua ha\u0300ng (t\u1eeb Kocher ho\u1eb7c t\u1eeb \u0111\u1ea1i l\u00fd \u0111\u01b0\u1ee3c \u1ee7y quy\u1ec1n c\u1ee7a Kocher) khi c\u00f3 y\u00eau c\u1ea7u b\u1ea3o h\u00e0nh.<\/p>\n<p>\u2022 Phi\u00ea\u0301u ba\u0309o ha\u0300nh chi\u0309 co\u0301 gia\u0301 tri\u0323 trong pha\u0323m vi la\u0303nh th\u00f4\u0309 Vi\u00ea\u0323t Nam.<\/p>\n<p>\u2022 S\u1ea3n ph\u1ea9m \u0111\u01b0\u1ee3c s\u1eed d\u1ee5ng \u0111\u00fang m\u1ee5c \u0111\u00edch, c\u00f4ng n\u0103ng v\u00e0 theo c\u00e1ch th\u1ee9c ph\u00f9 h\u1ee3p v\u1edbi h\u01b0\u1edbng d\u1eabn c\u1ee7a nh\u00e0 s\u1ea3n xu\u1ea5t.<\/p>\n<p>\u2022 Nh\u1eefng h\u01b0 h\u1ecfng, l\u1ed7i c\u1ee7a s\u1ea3n ph\u1ea9m \u0111\u01b0\u1ee3c k\u1ebft lu\u1eadn l\u00e0 do h\u01b0 h\u1ecfng ho\u1eb7c l\u1ed7i c\u1ee7a ph\u1ee5 t\u00f9ng, linh ki\u1ec7n ho\u1eb7c do l\u1ed7i nh\u00e0 s\u1ea3n xu\u1ea5t.<\/p>\n<p><strong>b.\u00a0 \u00a0 \u0110\u1ed5i s\u1ea3n ph\u1ea9m m\u1edbi t\u01b0\u01a1ng t\u1ef1 cho kh\u00e1ch h\u00e0ng cho c\u00e1c tr\u01b0\u1eddng h\u1ee3p sau:<\/strong><\/p>\n<p>\u2022 Kh\u00f4ng s\u1eeda ch\u1eefa \u0111\u01b0\u1ee3c ho\u1eb7c kh\u00f4ng kh\u1eafc ph\u1ee5c \u0111\u01b0\u1ee3c nh\u01b0\u0303ng l\u1ed7i c\u1ee7a s\u1ea3n ph\u1ea9m. Th\u01a1\u0300i gian \u0111\u00ea\u0309 s\u01b0\u0309a ch\u01b0\u0303a, kh\u0103\u0301c phu\u0323c qua\u0301 l\u00e2u so v\u01a1\u0301i quy \u0111i\u0323nh (tr\u00ean 5 th\u00e1ng) \u2013 trong th\u1eddi gian s\u1eeda ch\u1eefa, s\u1ebd c\u1ed1 g\u1eafng s\u1eafp x\u1ebfp s\u1ea3n ph\u1ea9m c\u00f3 ch\u1ee9c n\u0103ng t\u01b0\u01a1ng t\u1ef1 s\u1ea3n ph\u1ea9m l\u1ed7i cho kh\u00e1ch h\u00e0ng d\u00f9ng t\u1ea1m th\u1eddi.<\/p>\n<p>\u2022 \u0110\u00e3 th\u1ef1c hi\u1ec7n b\u1ea3o h\u00e0nh nhi\u1ec1u l\u1ea7n (cho cu\u0300ng m\u00f4\u0323t l\u00f4\u0303i) trong Th\u1eddi H\u1ea1n B\u1ea3o H\u00e0nh m\u00e0 v\u1eabn kh\u00f4ng kh\u1eafc ph\u1ee5c \u0111\u01b0\u1ee3c l\u1ed7i. Vi\u1ec7c x\u00e1c \u0111\u1ecbnh s\u1ed1 l\u1ea7n b\u1ea3o h\u00e0nh \u0111\u00e3 th\u1ef1c hi\u1ec7n l\u00e0m c\u0103n c\u1ee9 \u0111\u1ed5i s\u1ea3n ph\u1ea9m m\u1edbi t\u01b0\u01a1ng t\u1ef1 s\u1ebd \u0111\u01b0\u1ee3c Kocher xem x\u00e9t v\u00e0 to\u00e0n quy\u1ec1n quy\u1ebft \u0111\u1ecbnh trong t\u1eebng tr\u01b0\u1eddng h\u1ee3p c\u1ee5 th\u1ec3.<\/p>\n<p>\u2022 Th\u1eddi gian b\u1ea3o h\u00e0nh cho s\u1ea3n ph\u1ea9m thay th\u1ebf s\u1ebd l\u00e0 ph\u1ea7n th\u1eddi gian b\u1ea3o h\u00e0nh c\u00f2n l\u1ea1i c\u1ee7a s\u1ea3n ph\u1ea9m b\u1ecb l\u1ed7i mua l\u1ea7n \u0111\u1ea7u ti\u00ean.<\/p>\n<p><strong>c.\u00a0 \u00a0 C\u00e1c h\u00ecnh th\u1ee9c \u0111\u1ed5i s\u1ea3n ph\u1ea9m m\u1edbi:<\/strong><\/p>\n<p>\u2022 \u0110\u1ed5i s\u1ea3n ph\u1ea9m c\u00f9ng lo\u1ea1i v\u00e0 c\u00f3 t\u00ednh n\u0103ng t\u01b0\u01a1ng t\u1ef1 ho\u1eb7c \u0111\u1ed5i s\u1ea3n ph\u1ea9m c\u00f9ng lo\u1ea1i nh\u01b0ng c\u00f3 t\u00ednh n\u0103ng cao c\u1ea5p h\u01a1n. T\u00f9y theo t\u00ecnh h\u00ecnh th\u1ef1c t\u1ebf, c\u00e1c b\u00ean s\u1ebd th\u1ecfa thu\u1eadn v\u1ec1 gi\u00e1 tr\u1ecb c\u00f2n l\u1ea1i c\u1ee7a s\u1ea3n ph\u1ea9m h\u01b0 h\u1ecfng b\u1ecb thay th\u1ebf \u0111\u1ec3 l\u00e0m c\u0103n c\u1ee9 \u0111\u1ed5i s\u1ea3n ph\u1ea9m m\u1edbi t\u01b0\u01a1ng t\u1ef1 theo \u0111i\u1ec1u kho\u1ea3n n\u00e0y. Theo \u0111\u00f3, c\u00e1c b\u00ean s\u1ebd th\u1ed1ng nh\u1ea5t s\u1ed1 ti\u1ec1n ch\u00eanh l\u1ec7ch gi\u1eefa gi\u00e1 c\u1ee7a s\u1ea3n ph\u1ea9m m\u1edbi thay th\u1ebf v\u00e0 s\u1ea3n ph\u1ea9m l\u1ed7i b\u1ecb thay th\u1ebf m\u00e0 m\u1ed9t b\u00ean c\u1ea7n thanh to\u00e1n l\u1ea1i cho b\u00ean kia t\u1ea1i th\u1eddi \u0111i\u1ec3m \u0111\u1ed5i s\u1ea3n ph\u1ea9m.\u00a0<\/p>\n<p><strong>d.\u00a0 \u00a0 T\u1ea5t c\u1ea3 c\u00e1c ph\u1ee5 t\u00f9ng, linh ki\u1ec7n ho\u1eb7c s\u1ea3n ph\u1ea9m b\u1ecb l\u1ed7i, h\u01b0 h\u1ecfng ho\u1eb7c khuy\u1ebft t\u1eadt b\u1ecb thay th\u1ebf theo \u0111i\u1ec1u kho\u1ea3n b\u1ea3o h\u00e0nh n\u00e0y s\u1ebd tr\u1edf th\u00e0nh t\u00e0i s\u1ea3n c\u1ee7a Kocher.<\/strong><\/p>\n<p><strong>2.\u00a0 \u00a0 Ca\u0301c tr\u01b0\u01a1\u0300ng h\u01a1\u0323p kh\u00f4ng thu\u00f4\u0323c pha\u0323m vi ba\u0309o ha\u0300nh<\/strong><\/p>\n<p>\u2022 Ca\u0301c tr\u01b0\u01a1\u0300ng h\u01a1\u0323p b\u00ea\u0309 v\u01a1\u0303, tr\u00e2\u0300y x\u01b0\u01a1\u0301c, gi\u0309 se\u0301t trong qua\u0301 tri\u0300nh s\u01b0\u0309 du\u0323ng.<\/p>\n<p>\u2022 Ca\u0301c h\u01b0 ho\u0309ng do \u0111i\u00ea\u0323n a\u0301p \u0111\u00f4\u0323t bi\u00ea\u0301n, kh\u00f4ng \u00f4\u0309n \u0111i\u0323nh.<\/p>\n<p>\u2022 Ca\u0301c h\u01b0 ho\u0309ng co\u0301 d\u00e2\u0301u hi\u00ea\u0323u do chu\u00f4\u0323t bo\u0323, c\u00f4n tru\u0300ng x\u00e2m nh\u00e2\u0323p g\u00e2y ra.<\/p>\n<p>\u2022 Ca\u0301c h\u01b0 ho\u0309ng do l\u0103\u0301p \u0111\u0103\u0323t va\u0300 s\u01b0\u0309 du\u0323ng kh\u00f4ng \u0111u\u0301ng y\u00eau c\u00e2\u0300u ky\u0303 thu\u00e2\u0323t cu\u0309a sa\u0309n ph\u00e2\u0309m.<\/p>\n<p>\u2022 Sa\u0309n ph\u00e2\u0309m \u0111\u01b0\u01a1\u0323c s\u01b0\u0309 du\u0323ng v\u01a1\u0301i mu\u0323c \u0111i\u0301ch kinh doanh.<\/p>\n<p>\u2022 \u0110\u01b0\u01a1\u0323c thay th\u00ea\u0301 b\u01a1\u0309i nh\u01b0\u0303ng linh ki\u00ea\u0323n kh\u00f4ng chi\u0301nh ha\u0303ng.<\/p>\n<p>\u2022 \u0110\u01b0\u01a1\u0323c l\u0103\u0301p \u0111\u0103\u0323t, s\u01b0\u0309a ch\u01b0\u0303a b\u01a1\u0309i nh\u01b0\u0303ng nh\u00e2n vi\u00ean kh\u00f4ng pha\u0309i cu\u0309a Kocher ho\u0103\u0323c kh\u00f4ng pha\u0309i la\u0300 nh\u00e2n vi\u00ean thu\u00f4\u0323c ca\u0301c trung t\u00e2m ba\u0309o ha\u0300nh do Kocher u\u0309y quy\u00ea\u0300n.<\/p>\n<p>\u2022 Ca\u0301c h\u01b0 ho\u0309ng b\u00e2\u0301t kha\u0309 kha\u0301ng do thi\u00ean tai g\u00e2y ra.<\/p>\n<p>\u2022 Ca\u0301c linh phu\u0323 ki\u00ea\u0323n, v\u00e2\u0323t t\u01b0 ti\u00eau hao trong qua\u0301 tri\u0300nh s\u01b0\u0309 du\u0323ng.<\/p>\n<p><strong>3.\u00a0 \u00a0 M\u00f4\u0323t s\u00f4\u0301 l\u01b0u y\u0301 trong vi\u00ea\u0323c l\u0103\u0301p \u0111\u0103\u0323t va\u0300 ba\u0309o qua\u0309n<\/strong><\/p>\n<p>\u2022 \u0110\u1ed1i v\u1edbi ca\u0301c thi\u00ea\u0301t bi\u0323 Class 1 (theo quy chu\u00e2\u0309n cu\u0309a IEC) va\u0300 chi\u0309 \u0111\u01b0\u01a1\u0323c s\u01b0\u0309 du\u0323ng v\u01a1\u0301i \u0111\u00e2\u0300u n\u00f4\u0301i \u0111i\u00ea\u0323n co\u0301 d\u00e2y ti\u00ea\u0301p \u0111\u00e2\u0301t.<\/p>\n<p>\u2022 L\u0103\u0301p \u0111\u0103\u0323t theo \u0111u\u0301ng th\u00f4ng s\u00f4\u0301 h\u01b0\u01a1\u0301ng d\u00e2\u0303n cu\u0309a nha\u0300 sa\u0309n xu\u00e2\u0301t (ke\u0300m theo sa\u0309n ph\u00e2\u0309m).<\/p>\n<p>\u2022 Co\u0301 ca\u0301c khoa\u0309ng th\u00f4ng gio\u0301 t\u00f4\u0301i thi\u00ea\u0309u (theo h\u01b0\u01a1\u0301ng d\u00e2\u0303n cu\u0309a nha\u0300 sa\u0309n xu\u00e2\u0301t).<\/p>\n<p>\u2022 \u0110\u00f4\u0301i v\u01a1\u0301i b\u00ea\u0301p \u0111i\u00ea\u0323n, t\u01b0\u0300: c\u00e2\u0300n co\u0301 ng\u0103n ca\u0301ch nhi\u00ea\u0323t v\u01a1\u0301i ca\u0301c h\u00f4\u0323c tu\u0309 b\u00ean d\u01b0\u01a1\u0301i.<\/p>\n<p>\u2022 \u0110\u1ed1i v\u1edbi m\u00e1y r\u1eeda b\u00e1t c\u1ea7n \u0111\u1ea3m b\u1ea3o ki\u1ec3m tra \u0111\u01b0\u1eddng n\u01b0\u1edbc tr\u01b0\u1edbc khi v\u1eadn h\u00e0nh.<\/p>\n<p>\u2022 \u0110\u00f4\u0301i v\u01a1\u0301i b\u00ea\u0301p gas: Lu\u00f4n th\u01b0\u0309 ro\u0300 ri\u0309 gas b\u0103\u0300ng xa\u0300 pho\u0300ng ho\u0103\u0323c c\u00f4ng cu\u0323 chuy\u00ean du\u0323ng ngay sau khi l\u0103\u0301p \u0111\u0103\u0323t.<\/p>\n<p>\u2022 Sa\u0309n ph\u00e2\u0309m pha\u0309i \u0111\u01b0\u01a1\u0323c v\u00ea\u0323 sinh, lau chu\u0300i \u0111\u00fang h\u01b0\u1edbng d\u1eabn trong qua\u0301 tri\u0300nh s\u01b0\u0309 du\u0323ng.<\/p>\n<p><strong>4. C\u00e1c tr\u01b0\u1eddng h\u1ee3p xem x\u00e9t b\u1ea3o h\u00e0nh v\u1edbi s\u1ea3n ph\u1ea9m m\u00e1y r\u1eeda b\u00e1t\u00a0<\/strong><\/p>\n<p>\u2022 M\u00e1y kh\u00f4ng ho\u1ea1t \u0111\u1ed9ng ho\u1eb7c ho\u1ea1t \u0111\u1ed9ng kh\u00f4ng \u1ed5n \u0111\u1ecbnh<\/p>\n<p>\u2022 M\u00e1y k\u00eau to b\u1ea5t th\u01b0\u1eddng\u00a0<\/p>\n<p>\u2022 M\u00e1y b\u1ecb r\u00f2 r\u1ec9 \u0111i\u1ec7n, ch\u1eadp ch\u00e1y\u00a0<\/p>\n<p>\u2022 M\u00e1y r\u1eeda b\u00e1t kh\u00f4ng s\u1ea1ch, kh\u00f4ng kh\u00f4<\/p>\n<p>\u2022 M\u00e1y ch\u1ea1y kh\u00f4ng h\u1ebft ch\u01b0\u01a1ng tr\u00ecnh, lo\u1ea1n ch\u01b0\u01a1ng tr\u00ecnh\u00a0<\/p>\n<p>\u2022 M\u00e1y ch\u1ea3y n\u01b0\u1edbc ho\u1eb7c kh\u00f4ng x\u1ea3 n\u01b0\u1edbc<\/p>\n<p>\u2022 M\u00e1y h\u1ecfng b\u1ea3ng \u0111i\u1ec1u khi\u1ec3n, kh\u00f4ng \u0111i\u1ec1u ch\u1ec9nh \u0111\u01b0\u1ee3c ch\u1ebf \u0111\u1ed9, th\u1eddi gian\u2026.<\/p>\n<p>\u2022 M\u00e1y kh\u00f4ng \u0111\u00f3ng \u0111\u01b0\u1ee3c c\u1eeda ho\u1eb7c ph\u1ea3i \u0111\u00f3ng c\u1eeda nhi\u1ec1u l\u1ea7n m\u1edbi ho\u1ea1t \u0111\u1ed9ng\u00a0<\/p>\n<p>C\u00e1c s\u1ef1 c\u1ed1 n\u00eau tr\u00ean l\u00e0 c\u00e1c s\u1ef1 c\u1ed1 ph\u1ee9c t\u1ea1p, v\u00ec v\u1eady ng\u01b0\u1eddi d\u00f9ng n\u00ean t\u1eaft m\u00e1y v\u00e0 li\u00ean h\u1ec7 ngay v\u1edbi Trung t\u00e2m B\u1ea3o h\u00e0nh \u0111\u1ec3 \u0111\u01b0\u1ee3c k\u1ef9 thu\u1eadt t\u01b0 v\u1ea5n h\u1ed7 tr\u1ee3 v\u00e0 kh\u1eafc ph\u1ee5c k\u1ecbp th\u1eddi.\u00a0<\/p>\n<\/div>\n<\/div>\n<div id=\"CommonCuoiChiTietTin\">\u00a0<\/div>\n","protected":false},"excerpt":{"rendered":"<p>I.\u00a0 \u00a0CH\u00cdNH S\u00c1CH B\u1ea2O H\u00c0NH C\u00c1C S\u1ea2N PH\u1ea8M THI\u1ebeT B\u1eca NH\u00c0 B\u1ebeP KOCHER 1.\u00a0 \u00a0 \u0110i\u00ea\u0300u ki\u00ea\u0323n ba\u0309o ha\u0300nh a.\u00a0 \u00a0 S\u1eeda ch\u1eefa ho\u1eb7c thay th\u1ebf ph\u1ee5 t\u00f9ng, linh ki\u1ec7n mi\u1ec5n ph\u00ed n\u1ebfu kh\u00e1ch h\u00e0ng \u0111\u00e1p \u1ee9ng \u0111\u1ea7y \u0111\u1ee7 c\u00e1c \u0111i\u1ec1u ki\u1ec7n sau: \u2022 S\u1ea3n ph\u1ea9m c\u00f2n trong Th\u1eddi H\u1ea1n B\u1ea3o h\u00e0nh. \u2022 Xu\u1ea5t tr\u00ecnh&#8230;<\/p>\n","protected":false},"author":1,"featured_media":0,"parent":0,"menu_order":0,"comment_status":"closed","ping_status":"closed","template":"page-right-sidebar.php","meta":{"footnotes":""},"class_list":["post-500","page","type-page","status-publish","hentry"],"rankMath":{"parentDomain":"nhadepbepxinh.com.vn","noFollowDomains":[],"noFollowExcludeDomains":[],"noFollowExternalLinks":false,"featuredImageNotice":"H\u00ecnh \u1ea3nh n\u1ed5i b\u1eadt n\u00ean c\u00f3 k\u00edch th\u01b0\u1edbc \u00edt nh\u1ea5t 200 x 200 pixel \u0111\u1ec3 \u0111\u01b0\u1ee3c Facebook v\u00e0 c\u00e1c trang m\u1ea1ng x\u00e3 h\u1ed9i kh\u00e1c ch\u1ecdn.","pluginReviewed":false,"postSettings":{"linkSuggestions":true,"useFocusKeyword":false},"frontEndScore":false,"postName":"chinh-sach-bao-hanh","permalinkFormat":"https:\/\/nhadepbepxinh.com.vn\/?page_id=500","showLockModifiedDate":true,"assessor":{"focusKeywordLink":"https:\/\/nhadepbepxinh.com.vn\/wp-admin\/edit.php?focus_keyword=%focus_keyword%&post_type=%post_type%","hasTOCPlugin":false,"primaryTaxonomy":false,"serpData":{"title":"","description":"","focusKeywords":"","pillarContent":false,"canonicalUrl":"","breadcrumbTitle":"","advancedRobots":[],"facebookTitle":"","facebookDescription":"","facebookImage":"","facebookImageID":"","facebookHasOverlay":false,"facebookImageOverlay":"","facebookAuthor":"","twitterCardType":"","twitterUseFacebook":true,"twitterTitle":"","twitterDescription":"","twitterImage":"","twitterImageID":"","twitterHasOverlay":false,"twitterImageOverlay":"","twitterPlayerUrl":"","twitterPlayerSize":"","twitterPlayerStream":"","twitterPlayerStreamCtype":"","twitterAppDescription":"","twitterAppIphoneName":"","twitterAppIphoneID":"","twitterAppIphoneUrl":"","twitterAppIpadName":"","twitterAppIpadID":"","twitterAppIpadUrl":"","twitterAppGoogleplayName":"","twitterAppGoogleplayID":"","twitterAppGoogleplayUrl":"","twitterAppCountry":"","robots":{"index":true},"twitterAuthor":"t\u00ean ng\u01b0\u1eddi d\u00f9ng","primaryTerm":0,"authorName":"admin","titleTemplate":"%title% %sep% %sitename%","descriptionTemplate":"%excerpt%","showScoreFrontend":true,"lockModifiedDate":false},"powerWords":[],"diacritics":{"A":"[\\u0041\\u24B6\\uFF21\\u00C0\\u00C1\\u00C2\\u1EA6\\u1EA4\\u1EAA\\u1EA8\\u00C3\\u0100\\u0102\\u1EB0\\u1EAE\\u1EB4\\u1EB2\\u0226\\u01E0\\u00C4\\u01DE\\u1EA2\\u00C5\\u01FA\\u01CD\\u0200\\u0202\\u1EA0\\u1EAC\\u1EB6\\u1E00\\u0104\\u023A\\u2C6F]","AA":"[\\uA732]","AE":"[\\u00C6\\u01FC\\u01E2]","AO":"[\\uA734]","AU":"[\\uA736]","AV":"[\\uA738\\uA73A]","AY":"[\\uA73C]","B":"[\\u0042\\u24B7\\uFF22\\u1E02\\u1E04\\u1E06\\u0243\\u0182\\u0181]","C":"[\\u0043\\u24B8\\uFF23\\u0106\\u0108\\u010A\\u010C\\u00C7\\u1E08\\u0187\\u023B\\uA73E]","D":"[\\u0044\\u24B9\\uFF24\\u1E0A\\u010E\\u1E0C\\u1E10\\u1E12\\u1E0E\\u0110\\u018B\\u018A\\u0189\\uA779]","DZ":"[\\u01F1\\u01C4]","Dz":"[\\u01F2\\u01C5]","E":"[\\u0045\\u24BA\\uFF25\\u00C8\\u00C9\\u00CA\\u1EC0\\u1EBE\\u1EC4\\u1EC2\\u1EBC\\u0112\\u1E14\\u1E16\\u0114\\u0116\\u00CB\\u1EBA\\u011A\\u0204\\u0206\\u1EB8\\u1EC6\\u0228\\u1E1C\\u0118\\u1E18\\u1E1A\\u0190\\u018E]","F":"[\\u0046\\u24BB\\uFF26\\u1E1E\\u0191\\uA77B]","G":"[\\u0047\\u24BC\\uFF27\\u01F4\\u011C\\u1E20\\u011E\\u0120\\u01E6\\u0122\\u01E4\\u0193\\uA7A0\\uA77D\\uA77E]","H":"[\\u0048\\u24BD\\uFF28\\u0124\\u1E22\\u1E26\\u021E\\u1E24\\u1E28\\u1E2A\\u0126\\u2C67\\u2C75\\uA78D]","I":"[\\u0049\\u24BE\\uFF29\\u00CC\\u00CD\\u00CE\\u0128\\u012A\\u012C\\u0130\\u00CF\\u1E2E\\u1EC8\\u01CF\\u0208\\u020A\\u1ECA\\u012E\\u1E2C\\u0197]","J":"[\\u004A\\u24BF\\uFF2A\\u0134\\u0248]","K":"[\\u004B\\u24C0\\uFF2B\\u1E30\\u01E8\\u1E32\\u0136\\u1E34\\u0198\\u2C69\\uA740\\uA742\\uA744\\uA7A2]","L":"[\\u004C\\u24C1\\uFF2C\\u013F\\u0139\\u013D\\u1E36\\u1E38\\u013B\\u1E3C\\u1E3A\\u0141\\u023D\\u2C62\\u2C60\\uA748\\uA746\\uA780]","LJ":"[\\u01C7]","Lj":"[\\u01C8]","M":"[\\u004D\\u24C2\\uFF2D\\u1E3E\\u1E40\\u1E42\\u2C6E\\u019C]","N":"[\\u004E\\u24C3\\uFF2E\\u01F8\\u0143\\u00D1\\u1E44\\u0147\\u1E46\\u0145\\u1E4A\\u1E48\\u0220\\u019D\\uA790\\uA7A4]","NJ":"[\\u01CA]","Nj":"[\\u01CB]","O":"[\\u004F\\u24C4\\uFF2F\\u00D2\\u00D3\\u00D4\\u1ED2\\u1ED0\\u1ED6\\u1ED4\\u00D5\\u1E4C\\u022C\\u1E4E\\u014C\\u1E50\\u1E52\\u014E\\u022E\\u0230\\u00D6\\u022A\\u1ECE\\u0150\\u01D1\\u020C\\u020E\\u01A0\\u1EDC\\u1EDA\\u1EE0\\u1EDE\\u1EE2\\u1ECC\\u1ED8\\u01EA\\u01EC\\u00D8\\u01FE\\u0186\\u019F\\uA74A\\uA74C]","OI":"[\\u01A2]","OO":"[\\uA74E]","OU":"[\\u0222]","P":"[\\u0050\\u24C5\\uFF30\\u1E54\\u1E56\\u01A4\\u2C63\\uA750\\uA752\\uA754]","Q":"[\\u0051\\u24C6\\uFF31\\uA756\\uA758\\u024A]","R":"[\\u0052\\u24C7\\uFF32\\u0154\\u1E58\\u0158\\u0210\\u0212\\u1E5A\\u1E5C\\u0156\\u1E5E\\u024C\\u2C64\\uA75A\\uA7A6\\uA782]","S":"[\\u0053\\u24C8\\uFF33\\u1E9E\\u015A\\u1E64\\u015C\\u1E60\\u0160\\u1E66\\u1E62\\u1E68\\u0218\\u015E\\u2C7E\\uA7A8\\uA784]","T":"[\\u0054\\u24C9\\uFF34\\u1E6A\\u0164\\u1E6C\\u021A\\u0162\\u1E70\\u1E6E\\u0166\\u01AC\\u01AE\\u023E\\uA786]","TZ":"[\\uA728]","U":"[\\u0055\\u24CA\\uFF35\\u00D9\\u00DA\\u00DB\\u0168\\u1E78\\u016A\\u1E7A\\u016C\\u00DC\\u01DB\\u01D7\\u01D5\\u01D9\\u1EE6\\u016E\\u0170\\u01D3\\u0214\\u0216\\u01AF\\u1EEA\\u1EE8\\u1EEE\\u1EEC\\u1EF0\\u1EE4\\u1E72\\u0172\\u1E76\\u1E74\\u0244]","V":"[\\u0056\\u24CB\\uFF36\\u1E7C\\u1E7E\\u01B2\\uA75E\\u0245]","VY":"[\\uA760]","W":"[\\u0057\\u24CC\\uFF37\\u1E80\\u1E82\\u0174\\u1E86\\u1E84\\u1E88\\u2C72]","X":"[\\u0058\\u24CD\\uFF38\\u1E8A\\u1E8C]","Y":"[\\u0059\\u24CE\\uFF39\\u1EF2\\u00DD\\u0176\\u1EF8\\u0232\\u1E8E\\u0178\\u1EF6\\u1EF4\\u01B3\\u024E\\u1EFE]","Z":"[\\u005A\\u24CF\\uFF3A\\u0179\\u1E90\\u017B\\u017D\\u1E92\\u1E94\\u01B5\\u0224\\u2C7F\\u2C6B\\uA762]","a":"[\\u0061\\u24D0\\uFF41\\u1E9A\\u00E0\\u00E1\\u00E2\\u1EA7\\u1EA5\\u1EAB\\u1EA9\\u00E3\\u0101\\u0103\\u1EB1\\u1EAF\\u1EB5\\u1EB3\\u0227\\u01E1\\u00E4\\u01DF\\u1EA3\\u00E5\\u01FB\\u01CE\\u0201\\u0203\\u1EA1\\u1EAD\\u1EB7\\u1E01\\u0105\\u2C65\\u0250]","aa":"[\\uA733]","ae":"[\\u00E6\\u01FD\\u01E3]","ao":"[\\uA735]","au":"[\\uA737]","av":"[\\uA739\\uA73B]","ay":"[\\uA73D]","b":"[\\u0062\\u24D1\\uFF42\\u1E03\\u1E05\\u1E07\\u0180\\u0183\\u0253]","c":"[\\u0063\\u24D2\\uFF43\\u0107\\u0109\\u010B\\u010D\\u00E7\\u1E09\\u0188\\u023C\\uA73F\\u2184]","d":"[\\u0064\\u24D3\\uFF44\\u1E0B\\u010F\\u1E0D\\u1E11\\u1E13\\u1E0F\\u0111\\u018C\\u0256\\u0257\\uA77A]","dz":"[\\u01F3\\u01C6]","e":"[\\u0065\\u24D4\\uFF45\\u00E8\\u00E9\\u00EA\\u1EC1\\u1EBF\\u1EC5\\u1EC3\\u1EBD\\u0113\\u1E15\\u1E17\\u0115\\u0117\\u00EB\\u1EBB\\u011B\\u0205\\u0207\\u1EB9\\u1EC7\\u0229\\u1E1D\\u0119\\u1E19\\u1E1B\\u0247\\u025B\\u01DD]","f":"[\\u0066\\u24D5\\uFF46\\u1E1F\\u0192\\uA77C]","g":"[\\u0067\\u24D6\\uFF47\\u01F5\\u011D\\u1E21\\u011F\\u0121\\u01E7\\u0123\\u01E5\\u0260\\uA7A1\\u1D79\\uA77F]","h":"[\\u0068\\u24D7\\uFF48\\u0125\\u1E23\\u1E27\\u021F\\u1E25\\u1E29\\u1E2B\\u1E96\\u0127\\u2C68\\u2C76\\u0265]","hv":"[\\u0195]","i":"[\\u0069\\u24D8\\uFF49\\u00EC\\u00ED\\u00EE\\u0129\\u012B\\u012D\\u00EF\\u1E2F\\u1EC9\\u01D0\\u0209\\u020B\\u1ECB\\u012F\\u1E2D\\u0268\\u0131]","j":"[\\u006A\\u24D9\\uFF4A\\u0135\\u01F0\\u0249]","k":"[\\u006B\\u24DA\\uFF4B\\u1E31\\u01E9\\u1E33\\u0137\\u1E35\\u0199\\u2C6A\\uA741\\uA743\\uA745\\uA7A3]","l":"[\\u006C\\u24DB\\uFF4C\\u0140\\u013A\\u013E\\u1E37\\u1E39\\u013C\\u1E3D\\u1E3B\\u017F\\u0142\\u019A\\u026B\\u2C61\\uA749\\uA781\\uA747]","lj":"[\\u01C9]","m":"[\\u006D\\u24DC\\uFF4D\\u1E3F\\u1E41\\u1E43\\u0271\\u026F]","n":"[\\u006E\\u24DD\\uFF4E\\u01F9\\u0144\\u00F1\\u1E45\\u0148\\u1E47\\u0146\\u1E4B\\u1E49\\u019E\\u0272\\u0149\\uA791\\uA7A5]","nj":"[\\u01CC]","o":"[\\u006F\\u24DE\\uFF4F\\u00F2\\u00F3\\u00F4\\u1ED3\\u1ED1\\u1ED7\\u1ED5\\u00F5\\u1E4D\\u022D\\u1E4F\\u014D\\u1E51\\u1E53\\u014F\\u022F\\u0231\\u00F6\\u022B\\u1ECF\\u0151\\u01D2\\u020D\\u020F\\u01A1\\u1EDD\\u1EDB\\u1EE1\\u1EDF\\u1EE3\\u1ECD\\u1ED9\\u01EB\\u01ED\\u00F8\\u01FF\\u0254\\uA74B\\uA74D\\u0275]","oi":"[\\u01A3]","ou":"[\\u0223]","oo":"[\\uA74F]","p":"[\\u0070\\u24DF\\uFF50\\u1E55\\u1E57\\u01A5\\u1D7D\\uA751\\uA753\\uA755]","q":"[\\u0071\\u24E0\\uFF51\\u024B\\uA757\\uA759]","r":"[\\u0072\\u24E1\\uFF52\\u0155\\u1E59\\u0159\\u0211\\u0213\\u1E5B\\u1E5D\\u0157\\u1E5F\\u024D\\u027D\\uA75B\\uA7A7\\uA783]","s":"[\\u0073\\u24E2\\uFF53\\u015B\\u1E65\\u015D\\u1E61\\u0161\\u1E67\\u1E63\\u1E69\\u0219\\u015F\\u023F\\uA7A9\\uA785\\u1E9B]","ss":"[\\u00DF]","t":"[\\u0074\\u24E3\\uFF54\\u1E6B\\u1E97\\u0165\\u1E6D\\u021B\\u0163\\u1E71\\u1E6F\\u0167\\u01AD\\u0288\\u2C66\\uA787]","tz":"[\\uA729]","u":"[\\u0075\\u24E4\\uFF55\\u00F9\\u00FA\\u00FB\\u0169\\u1E79\\u016B\\u1E7B\\u016D\\u00FC\\u01DC\\u01D8\\u01D6\\u01DA\\u1EE7\\u016F\\u0171\\u01D4\\u0215\\u0217\\u01B0\\u1EEB\\u1EE9\\u1EEF\\u1EED\\u1EF1\\u1EE5\\u1E73\\u0173\\u1E77\\u1E75\\u0289]","v":"[\\u0076\\u24E5\\uFF56\\u1E7D\\u1E7F\\u028B\\uA75F\\u028C]","vy":"[\\uA761]","w":"[\\u0077\\u24E6\\uFF57\\u1E81\\u1E83\\u0175\\u1E87\\u1E85\\u1E98\\u1E89\\u2C73]","x":"[\\u0078\\u24E7\\uFF58\\u1E8B\\u1E8D]","y":"[\\u0079\\u24E8\\uFF59\\u1EF3\\u00FD\\u0177\\u1EF9\\u0233\\u1E8F\\u00FF\\u1EF7\\u1E99\\u1EF5\\u01B4\\u024F\\u1EFF]","z":"[\\u007A\\u24E9\\uFF5A\\u017A\\u1E91\\u017C\\u017E\\u1E93\\u1E95\\u01B6\\u0225\\u0240\\u2C6C\\uA763]"},"researchesTests":["contentHasTOC","contentHasShortParagraphs","contentHasAssets","keywordInTitle","keywordInMetaDescription","keywordInPermalink","keywordIn10Percent","keywordInContent","keywordInSubheadings","keywordInImageAlt","keywordDensity","keywordNotUsed","lengthContent","lengthPermalink","linksHasInternal","linksHasExternals","linksNotAllExternals","titleStartWithKeyword","titleSentiment","titleHasPowerWords","titleHasNumber","hasContentAI"],"hasRedirection":false,"hasBreadcrumb":false},"homeUrl":"https:\/\/nhadepbepxinh.com.vn","objectID":500,"objectType":"post","locale":"vi","localeFull":"vi","overlayImages":{"play":{"name":"Bi\u1ec3u t\u01b0\u1ee3ng ph\u00e1t","url":"https:\/\/nhadepbepxinh.com.vn\/wp-content\/plugins\/seo-by-rank-math\/assets\/admin\/img\/icon-play.png","path":"\/home\/nhadepbepxinh.com.vn\/public_html\/wp-content\/plugins\/seo-by-rank-math\/assets\/admin\/img\/icon-play.png","position":"middle_center"},"gif":{"name":"Bi\u1ec3u t\u01b0\u1ee3ng GIF","url":"https:\/\/nhadepbepxinh.com.vn\/wp-content\/plugins\/seo-by-rank-math\/assets\/admin\/img\/icon-gif.png","path":"\/home\/nhadepbepxinh.com.vn\/public_html\/wp-content\/plugins\/seo-by-rank-math\/assets\/admin\/img\/icon-gif.png","position":"middle_center"}},"defautOgImage":"https:\/\/nhadepbepxinh.com.vn\/wp-content\/uploads\/2025\/03\/2022-09-18.jpg","customPermalinks":false,"isUserRegistered":true,"autoSuggestKeywords":true,"connectSiteUrl":"https:\/\/rankmath.com\/auth?site=https%3A%2F%2Fnhadepbepxinh.com.vn&r=https%3A%2F%2Fnhadepbepxinh.com.vn%2Findex.php%3Frest_route%3D%252Fwp%252Fv2%252Fpages%252F500%26nonce%3D704b5e136b&pro=1","maxTags":100,"trendsIcon":"<svg viewBox=\"0 0 610 610\"><path d=\"M18.85,446,174.32,290.48l58.08,58.08L76.93,504a14.54,14.54,0,0,1-20.55,0L18.83,466.48a14.54,14.54,0,0,1,0-20.55Z\" style=\"fill:#4285f4\"\/><path d=\"M242.65,242.66,377.59,377.6l-47.75,47.75a14.54,14.54,0,0,1-20.55,0L174.37,290.43l47.75-47.75A14.52,14.52,0,0,1,242.65,242.66Z\" style=\"fill:#ea4335\"\/><polygon points=\"319.53 319.53 479.26 159.8 537.34 217.88 377.61 377.62 319.53 319.53\" style=\"fill:#fabb05\"\/><path d=\"M594.26,262.73V118.61h0a16.94,16.94,0,0,0-16.94-16.94H433.2a16.94,16.94,0,0,0-12,28.92L565.34,274.71h0a16.94,16.94,0,0,0,28.92-12Z\" style=\"fill:#34a853\"\/><rect width=\"610\" height=\"610\" style=\"fill:none\"\/><\/svg>","showScore":true,"siteFavIcon":"https:\/\/nhadepbepxinh.com.vn\/wp-content\/uploads\/2025\/03\/cropped-LOGO-VUONG-1-1-32x32.png","canUser":{"general":false,"advanced":false,"snippet":false,"social":false,"analysis":false,"analytics":false,"content_ai":false},"showKeywordIntent":true,"isPro":true,"is_front_page":false,"trendsUpgradeLink":"https:\/\/rankmath.com\/pricing\/?utm_source=Plugin&utm_medium=CE%20General%20Tab%20Trends&utm_campaign=WP","trendsUpgradeLabel":"N\u00e2ng c\u1ea5p","trendsPreviewImage":"https:\/\/nhadepbepxinh.com.vn\/wp-content\/plugins\/seo-by-rank-math\/assets\/admin\/img\/trends-preview.jpg","currentEditor":false,"homepageData":{"assessor":{"powerWords":[],"diacritics":true,"researchesTests":["contentHasTOC","contentHasShortParagraphs","contentHasAssets","keywordInTitle","keywordInMetaDescription","keywordInPermalink","keywordIn10Percent","keywordInContent","keywordInSubheadings","keywordInImageAlt","keywordDensity","keywordNotUsed","lengthContent","lengthPermalink","linksHasInternal","linksHasExternals","linksNotAllExternals","titleStartWithKeyword","titleSentiment","titleHasPowerWords","titleHasNumber","hasContentAI"],"hasBreadcrumb":false,"serpData":{"title":"%sitename% %page% %sep% %sitedesc%","description":"","titleTemplate":"%sitename% %page% %sep% %sitedesc%","descriptionTemplate":"","focusKeywords":"","breadcrumbTitle":"Home","robots":{"index":true},"advancedRobots":[],"facebookTitle":"","facebookDescription":"","facebookImage":"","facebookImageID":""}}},"isAnalyticsConnected":false,"tocTitle":"Table of Contents","tocExcludeHeadings":[],"listStyle":"ul"},"_links":{"self":[{"href":"https:\/\/nhadepbepxinh.com.vn\/index.php?rest_route=\/wp\/v2\/pages\/500","targetHints":{"allow":["GET"]}}],"collection":[{"href":"https:\/\/nhadepbepxinh.com.vn\/index.php?rest_route=\/wp\/v2\/pages"}],"about":[{"href":"https:\/\/nhadepbepxinh.com.vn\/index.php?rest_route=\/wp\/v2\/types\/page"}],"author":[{"embeddable":true,"href":"https:\/\/nhadepbepxinh.com.vn\/index.php?rest_route=\/wp\/v2\/users\/1"}],"replies":[{"embeddable":true,"href":"https:\/\/nhadepbepxinh.com.vn\/index.php?rest_route=%2Fwp%2Fv2%2Fcomments&post=500"}],"version-history":[{"count":6,"href":"https:\/\/nhadepbepxinh.com.vn\/index.php?rest_route=\/wp\/v2\/pages\/500\/revisions"}],"predecessor-version":[{"id":3435,"href":"https:\/\/nhadepbepxinh.com.vn\/index.php?rest_route=\/wp\/v2\/pages\/500\/revisions\/3435"}],"wp:attachment":[{"href":"https:\/\/nhadepbepxinh.com.vn\/index.php?rest_route=%2Fwp%2Fv2%2Fmedia&parent=500"}],"curies":[{"name":"wp","href":"https:\/\/api.w.org\/{rel}","templated":true}]}}